{"id":2659,"date":"2016-07-10T16:19:03","date_gmt":"2016-07-10T16:19:03","guid":{"rendered":"https:\/\/gestoriaguasch.cat\/wgu22\/servicios\/"},"modified":"2025-03-14T12:01:04","modified_gmt":"2025-03-14T12:01:04","slug":"services","status":"publish","type":"page","link":"https:\/\/gestoriaguasch.cat\/en\/services\/","title":{"rendered":"Services"},"content":{"rendered":"\n<h2 class=\"wp-block-heading\">We are an administrative agency in Barcelona, \u200b\u200bspecialist in change of ownership of vehicles. <\/h2>\n\n\n\n<p>Gestor\u00eda Guasch&nbsp;offers&nbsp;a comprehensive service in procedures and procedures for drivers and vehicles before the General Directorate of Traffic in a fast, economical and efficient manner.<\/p>\n\n\n\n<h3 class=\"wp-block-heading\"><a href=\"https:\/\/gestoriaguasch.cat\/en\/services\/traffic-management-in-barcelona\/\">Procedures with the General Directorate of Traffic.<\/a><\/h3>\n\n\n\n<ul class=\"wp-block-list\">\n<li>Change of ownership of vehicles<\/li>\n\n\n\n<li>Vehicle load reports<\/li>\n\n\n\n<li>Duplicates<\/li>\n\n\n\n<li>Casualties<\/li>\n\n\n\n<li>Registrations<\/li>\n<\/ul>\n\n\n\n<h3 class=\"wp-block-heading\">Tax and accounting advice<\/h3>\n\n\n\n<p>We offer advisory services to companies and self-employed professionals, ensuring compliance with all fiscal, administrative and tax obligations.<\/p>\n\n\n\n<ul class=\"wp-block-list\">\n<li>Preparation and presentation of taxes (quarterly and annual declarations).<\/li>\n\n\n\n<li>Preparation of accounting.<\/li>\n\n\n\n<li>Preparation and review of Annual Accounts<\/li>\n\n\n\n<li>Review of Financial Statements and preparation of Reports.<\/li>\n\n\n\n<li>Tax books.<\/li>\n<\/ul>\n\n\n\n<p>If you are <strong>self-employed or are thinking of registering<\/strong>, we will guide and advise you on all the necessary procedures to start your business. We take care of the presentation of all your taxes and tax obligations, always seeking your greatest tax advantage.<\/p>\n\n\n\n<ul class=\"wp-block-list\">\n<li><strong>Comprehensive freelance pack<\/strong>: We offer a flat monthly rate that includes all management services and tax advice: Preparation and presentation of taxes.<\/li>\n<\/ul>\n\n\n\n<p>We also help <strong>SMEs<\/strong> to keep their <strong>accounting and taxation up to date.&nbsp;<\/strong>We do accounting, <strong>Annual Accounts<\/strong>, and reviews of < strong>Financial Statements<\/strong>.<\/p>\n\n\n\n<ul class=\"wp-block-list\">\n<li>&nbsp;<strong>Comprehensive business pack<\/strong>:&nbsp;We offer a flat monthly rate that includes all management services and tax advice for the company. &nbsp;We advise companies in the tax and accounting field in order to obtain maximum profitability and benefits.<\/li>\n<\/ul>\n\n\n\n<p>At Gestor\u00eda Guasch we can help you with your business. Contact our team and request more information about our agency services in Barcelona without obligation.<\/p>\n\n\n\n<h3 class=\"block-mas-info wp-block-heading\" style=\"font-style:normal;font-weight:500\">Request more information through the form or call us at 933 939 718<\/h3>\n","protected":false},"excerpt":{"rendered":"<p>We are an administrative agency in Barcelona, \u200b\u200bspecialist in change of ownership of vehicles. Gestor\u00eda Guasch&nbsp;offers&nbsp;a comprehensive service in procedures and procedures for drivers and vehicles before the General Directorate of Traffic in a fast, economical and efficient manner. Procedures with the General Directorate of Traffic. Tax and accounting advice We offer advisory services to [&hellip;]<\/p>\n","protected":false},"author":1,"featured_media":3616,"parent":0,"menu_order":2,"comment_status":"closed","ping_status":"closed","template":"","meta":{"_acf_changed":false,"inline_featured_image":false,"footnotes":""},"class_list":["post-2659","page","type-page","status-publish","has-post-thumbnail","hentry"],"acf":[],"yoast_head":"<!-- This site is optimized with the Yoast SEO plugin v27.6 - https:\/\/yoast.com\/product\/yoast-seo-wordpress\/ -->\n<title>Gestoria administrativa de Barcelona<\/title>\n<meta name=\"description\" content=\"Somos una Gestor\u00eda administrativa de Barcelona especialista en gestiones y tramites de veh\u00edculos. Disponemos adem\u00e1s de servicios de asesor\u00eda fiscal.\" \/>\n<meta name=\"robots\" content=\"index, follow, max-snippet:-1, max-image-preview:large, max-video-preview:-1\" \/>\n<link rel=\"canonical\" href=\"https:\/\/gestoriaguasch.cat\/en\/services\/\" \/>\n<meta property=\"og:locale\" content=\"en_US\" \/>\n<meta property=\"og:type\" content=\"article\" \/>\n<meta property=\"og:title\" content=\"Gestoria administrativa de Barcelona\" \/>\n<meta property=\"og:description\" content=\"Somos una Gestor\u00eda administrativa de Barcelona especialista en gestiones y tramites de veh\u00edculos. Disponemos adem\u00e1s de servicios de asesor\u00eda fiscal.\" \/>\n<meta property=\"og:url\" content=\"https:\/\/gestoriaguasch.cat\/en\/services\/\" \/>\n<meta property=\"og:site_name\" content=\"Gestor&iacute;a Guasch i Associats\" \/>\n<meta property=\"article:modified_time\" content=\"2025-03-14T12:01:04+00:00\" \/>\n<meta property=\"og:image\" content=\"https:\/\/gestoriaguasch.cat\/wp-content\/uploads\/2023\/08\/Guasch-Gestor-administrativo-colegiado-255x300-1.png\" \/>\n\t<meta property=\"og:image:width\" content=\"255\" \/>\n\t<meta property=\"og:image:height\" content=\"300\" \/>\n\t<meta property=\"og:image:type\" content=\"image\/png\" \/>\n<meta name=\"twitter:card\" content=\"summary_large_image\" \/>\n<meta name=\"twitter:label1\" content=\"Est. reading time\" \/>\n\t<meta name=\"twitter:data1\" content=\"1 minute\" \/>\n<script type=\"application\/ld+json\" class=\"yoast-schema-graph\">{\"@context\":\"https:\\\/\\\/schema.org\",\"@graph\":[{\"@type\":\"WebPage\",\"@id\":\"https:\\\/\\\/gestoriaguasch.cat\\\/en\\\/services\\\/\",\"url\":\"https:\\\/\\\/gestoriaguasch.cat\\\/en\\\/services\\\/\",\"name\":\"Gestoria administrativa de Barcelona\",\"isPartOf\":{\"@id\":\"https:\\\/\\\/gestoriaguasch.cat\\\/en\\\/#website\"},\"primaryImageOfPage\":{\"@id\":\"https:\\\/\\\/gestoriaguasch.cat\\\/en\\\/services\\\/#primaryimage\"},\"image\":{\"@id\":\"https:\\\/\\\/gestoriaguasch.cat\\\/en\\\/services\\\/#primaryimage\"},\"thumbnailUrl\":\"https:\\\/\\\/gestoriaguasch.cat\\\/wp-content\\\/uploads\\\/2023\\\/08\\\/Guasch-Gestor-administrativo-colegiado-255x300-1.png\",\"datePublished\":\"2016-07-10T16:19:03+00:00\",\"dateModified\":\"2025-03-14T12:01:04+00:00\",\"description\":\"Somos una Gestor\u00eda administrativa de Barcelona especialista en gestiones y tramites de veh\u00edculos. Disponemos adem\u00e1s de servicios de asesor\u00eda fiscal.\",\"breadcrumb\":{\"@id\":\"https:\\\/\\\/gestoriaguasch.cat\\\/en\\\/services\\\/#breadcrumb\"},\"inLanguage\":\"en-US\",\"potentialAction\":[{\"@type\":\"ReadAction\",\"target\":[\"https:\\\/\\\/gestoriaguasch.cat\\\/en\\\/services\\\/\"]}]},{\"@type\":\"ImageObject\",\"inLanguage\":\"en-US\",\"@id\":\"https:\\\/\\\/gestoriaguasch.cat\\\/en\\\/services\\\/#primaryimage\",\"url\":\"https:\\\/\\\/gestoriaguasch.cat\\\/wp-content\\\/uploads\\\/2023\\\/08\\\/Guasch-Gestor-administrativo-colegiado-255x300-1.png\",\"contentUrl\":\"https:\\\/\\\/gestoriaguasch.cat\\\/wp-content\\\/uploads\\\/2023\\\/08\\\/Guasch-Gestor-administrativo-colegiado-255x300-1.png\",\"width\":255,\"height\":300},{\"@type\":\"BreadcrumbList\",\"@id\":\"https:\\\/\\\/gestoriaguasch.cat\\\/en\\\/services\\\/#breadcrumb\",\"itemListElement\":[{\"@type\":\"ListItem\",\"position\":1,\"name\":\"Inicio\",\"item\":\"https:\\\/\\\/gestoriaguasch.cat\\\/en\\\/\"},{\"@type\":\"ListItem\",\"position\":2,\"name\":\"Services\"}]},{\"@type\":\"WebSite\",\"@id\":\"https:\\\/\\\/gestoriaguasch.cat\\\/en\\\/#website\",\"url\":\"https:\\\/\\\/gestoriaguasch.cat\\\/en\\\/\",\"name\":\"Gestor\u00eda Guash i associats\",\"description\":\"Tu gestor&iacute;a de tr&aacute;fico en Barcelona\",\"publisher\":{\"@id\":\"https:\\\/\\\/gestoriaguasch.cat\\\/en\\\/#organization\"},\"alternateName\":\"Gestor\u00eda Guash\",\"potentialAction\":[{\"@type\":\"SearchAction\",\"target\":{\"@type\":\"EntryPoint\",\"urlTemplate\":\"https:\\\/\\\/gestoriaguasch.cat\\\/en\\\/?s={search_term_string}\"},\"query-input\":{\"@type\":\"PropertyValueSpecification\",\"valueRequired\":true,\"valueName\":\"search_term_string\"}}],\"inLanguage\":\"en-US\"},{\"@type\":\"Organization\",\"@id\":\"https:\\\/\\\/gestoriaguasch.cat\\\/en\\\/#organization\",\"name\":\"Gestor\u00eda Guasch i Associats\",\"url\":\"https:\\\/\\\/gestoriaguasch.cat\\\/en\\\/\",\"logo\":{\"@type\":\"ImageObject\",\"inLanguage\":\"en-US\",\"@id\":\"https:\\\/\\\/gestoriaguasch.cat\\\/en\\\/#\\\/schema\\\/logo\\\/image\\\/\",\"url\":\"https:\\\/\\\/gestoriaguasch.cat\\\/wp-content\\\/uploads\\\/2022\\\/10\\\/cropped-ico-gestoria-Guash.png\",\"contentUrl\":\"https:\\\/\\\/gestoriaguasch.cat\\\/wp-content\\\/uploads\\\/2022\\\/10\\\/cropped-ico-gestoria-Guash.png\",\"width\":512,\"height\":512,\"caption\":\"Gestor\u00eda Guasch i Associats\"},\"image\":{\"@id\":\"https:\\\/\\\/gestoriaguasch.cat\\\/en\\\/#\\\/schema\\\/logo\\\/image\\\/\"}}]}<\/script>\n<!-- \/ Yoast SEO plugin. -->","yoast_head_json":{"title":"Gestoria administrativa de Barcelona","description":"Somos una Gestor\u00eda administrativa de Barcelona especialista en gestiones y tramites de veh\u00edculos. Disponemos adem\u00e1s de servicios de asesor\u00eda fiscal.","robots":{"index":"index","follow":"follow","max-snippet":"max-snippet:-1","max-image-preview":"max-image-preview:large","max-video-preview":"max-video-preview:-1"},"canonical":"https:\/\/gestoriaguasch.cat\/en\/services\/","og_locale":"en_US","og_type":"article","og_title":"Gestoria administrativa de Barcelona","og_description":"Somos una Gestor\u00eda administrativa de Barcelona especialista en gestiones y tramites de veh\u00edculos. Disponemos adem\u00e1s de servicios de asesor\u00eda fiscal.","og_url":"https:\/\/gestoriaguasch.cat\/en\/services\/","og_site_name":"Gestor&iacute;a Guasch i Associats","article_modified_time":"2025-03-14T12:01:04+00:00","og_image":[{"width":255,"height":300,"url":"https:\/\/gestoriaguasch.cat\/wp-content\/uploads\/2023\/08\/Guasch-Gestor-administrativo-colegiado-255x300-1.png","type":"image\/png"}],"twitter_card":"summary_large_image","twitter_misc":{"Est. reading time":"1 minute"},"schema":{"@context":"https:\/\/schema.org","@graph":[{"@type":"WebPage","@id":"https:\/\/gestoriaguasch.cat\/en\/services\/","url":"https:\/\/gestoriaguasch.cat\/en\/services\/","name":"Gestoria administrativa de Barcelona","isPartOf":{"@id":"https:\/\/gestoriaguasch.cat\/en\/#website"},"primaryImageOfPage":{"@id":"https:\/\/gestoriaguasch.cat\/en\/services\/#primaryimage"},"image":{"@id":"https:\/\/gestoriaguasch.cat\/en\/services\/#primaryimage"},"thumbnailUrl":"https:\/\/gestoriaguasch.cat\/wp-content\/uploads\/2023\/08\/Guasch-Gestor-administrativo-colegiado-255x300-1.png","datePublished":"2016-07-10T16:19:03+00:00","dateModified":"2025-03-14T12:01:04+00:00","description":"Somos una Gestor\u00eda administrativa de Barcelona especialista en gestiones y tramites de veh\u00edculos. Disponemos adem\u00e1s de servicios de asesor\u00eda fiscal.","breadcrumb":{"@id":"https:\/\/gestoriaguasch.cat\/en\/services\/#breadcrumb"},"inLanguage":"en-US","potentialAction":[{"@type":"ReadAction","target":["https:\/\/gestoriaguasch.cat\/en\/services\/"]}]},{"@type":"ImageObject","inLanguage":"en-US","@id":"https:\/\/gestoriaguasch.cat\/en\/services\/#primaryimage","url":"https:\/\/gestoriaguasch.cat\/wp-content\/uploads\/2023\/08\/Guasch-Gestor-administrativo-colegiado-255x300-1.png","contentUrl":"https:\/\/gestoriaguasch.cat\/wp-content\/uploads\/2023\/08\/Guasch-Gestor-administrativo-colegiado-255x300-1.png","width":255,"height":300},{"@type":"BreadcrumbList","@id":"https:\/\/gestoriaguasch.cat\/en\/services\/#breadcrumb","itemListElement":[{"@type":"ListItem","position":1,"name":"Inicio","item":"https:\/\/gestoriaguasch.cat\/en\/"},{"@type":"ListItem","position":2,"name":"Services"}]},{"@type":"WebSite","@id":"https:\/\/gestoriaguasch.cat\/en\/#website","url":"https:\/\/gestoriaguasch.cat\/en\/","name":"Gestor\u00eda Guash i associats","description":"Tu gestor&iacute;a de tr&aacute;fico en Barcelona","publisher":{"@id":"https:\/\/gestoriaguasch.cat\/en\/#organization"},"alternateName":"Gestor\u00eda Guash","potentialAction":[{"@type":"SearchAction","target":{"@type":"EntryPoint","urlTemplate":"https:\/\/gestoriaguasch.cat\/en\/?s={search_term_string}"},"query-input":{"@type":"PropertyValueSpecification","valueRequired":true,"valueName":"search_term_string"}}],"inLanguage":"en-US"},{"@type":"Organization","@id":"https:\/\/gestoriaguasch.cat\/en\/#organization","name":"Gestor\u00eda Guasch i Associats","url":"https:\/\/gestoriaguasch.cat\/en\/","logo":{"@type":"ImageObject","inLanguage":"en-US","@id":"https:\/\/gestoriaguasch.cat\/en\/#\/schema\/logo\/image\/","url":"https:\/\/gestoriaguasch.cat\/wp-content\/uploads\/2022\/10\/cropped-ico-gestoria-Guash.png","contentUrl":"https:\/\/gestoriaguasch.cat\/wp-content\/uploads\/2022\/10\/cropped-ico-gestoria-Guash.png","width":512,"height":512,"caption":"Gestor\u00eda Guasch i Associats"},"image":{"@id":"https:\/\/gestoriaguasch.cat\/en\/#\/schema\/logo\/image\/"}}]}},"_links":{"self":[{"href":"https:\/\/gestoriaguasch.cat\/en\/wp-json\/wp\/v2\/pages\/2659","targetHints":{"allow":["GET"]}}],"collection":[{"href":"https:\/\/gestoriaguasch.cat\/en\/wp-json\/wp\/v2\/pages"}],"about":[{"href":"https:\/\/gestoriaguasch.cat\/en\/wp-json\/wp\/v2\/types\/page"}],"author":[{"embeddable":true,"href":"https:\/\/gestoriaguasch.cat\/en\/wp-json\/wp\/v2\/users\/1"}],"replies":[{"embeddable":true,"href":"https:\/\/gestoriaguasch.cat\/en\/wp-json\/wp\/v2\/comments?post=2659"}],"version-history":[{"count":1,"href":"https:\/\/gestoriaguasch.cat\/en\/wp-json\/wp\/v2\/pages\/2659\/revisions"}],"predecessor-version":[{"id":3863,"href":"https:\/\/gestoriaguasch.cat\/en\/wp-json\/wp\/v2\/pages\/2659\/revisions\/3863"}],"wp:featuredmedia":[{"embeddable":true,"href":"https:\/\/gestoriaguasch.cat\/en\/wp-json\/wp\/v2\/media\/3616"}],"wp:attachment":[{"href":"https:\/\/gestoriaguasch.cat\/en\/wp-json\/wp\/v2\/media?parent=2659"}],"curies":[{"name":"wp","href":"https:\/\/api.w.org\/{rel}","templated":true}]}}