{"id":3415,"date":"2017-04-27T09:00:05","date_gmt":"2017-04-27T09:00:05","guid":{"rendered":"https:\/\/gestoriaguasch.cat\/wgu22\/services\/baja-definitiva-exportacion-transito-comunitario\/"},"modified":"2024-10-15T10:55:06","modified_gmt":"2024-10-15T10:55:06","slug":"definitive-cancellation-due-to-export-or-community-transit","status":"publish","type":"page","link":"https:\/\/gestoriaguasch.cat\/en\/services\/definitive-cancellation-due-to-export-or-community-transit\/","title":{"rendered":"Definitive cancellation due to export or community transit"},"content":{"rendered":"\n<h2 class=\"wp-block-heading\">We take care of all the paperwork for your final cancellation due to export or community transit<\/h2>\n\n\n\n<p>If you move your residence to a foreign country, or if you sell your vehicle and the buyer moves abroad, you must process the final cancellation for export, or for community transit if the country of destination belongs to the European Union< \/p>\n\n\n\n<h3 class=\"wp-block-heading\"><strong>Required documentation:<\/strong><\/h3>\n\n\n\n<p>Original vehicle documentation:<\/p>\n\n\n\n<ul class=\"wp-block-list\">\n<li>Circulation permit<\/li>\n\n\n\n<li>Technical data sheet<\/li>\n\n\n\n<li>In the event that the transfer is to a country outside the EU, a document is signed in which it is declared that the vehicle is not waste.<\/li>\n<\/ul>\n\n\n\n<p>Identification of the owner:<\/p>\n\n\n\n<ul class=\"wp-block-list\">\n<li>DNI\/NIE in the case of individuals<\/li>\n\n\n\n<li>If the owner is a company, you must provide:\n<ul class=\"wp-block-list\">\n<li>Tax identification card<\/li>\n\n\n\n<li>Representative identification<\/li>\n\n\n\n<li>Declaration of the representative of having sufficient power to act on behalf of the company <\/li>\n<\/ul>\n<\/li>\n<\/ul>\n\n\n\n<h3 class=\"wp-block-heading\">Limitations to process the cancellation<\/h3>\n\n\n\n<ul class=\"wp-block-list\">\n<li>Seal<\/li>\n<\/ul>\n\n\n\n<p>The existence of a seal on the vehicle is an impediment to process the cancellation, it must be canceled beforehand.<\/p>\n\n\n\n<ul class=\"wp-block-list\">\n<li>Limitation of provision<\/li>\n<\/ul>\n\n\n\n<p>Before requesting the deregistration of the vehicle, you must cancel any limitation of disposition that is registered in the Registry of Movable Property, except with the express consent of the Financiera.<\/p>\n\n\n\n<h3 class=\"wp-block-heading\">Agricultural Vehicles<\/h3>\n\n\n\n<p>In the case of agricultural vehicles, a document accrediting deregistration must be provided in the <strong>Official Register of Agricultural Machinery (<a href=\"https:\/\/web.gencat.cat\/es\/tramits\/tramits-temes \/6850_Registre-Oficial-de-Maquinaria-Agricola-ROMA?category=\" target=\"_blank\" rel=\"noreferrer noopener\">ROMA<\/a>)<\/strong> of the Autonomous Community, except for electronic accreditation in the Registry of DGT vehicles.<\/p>\n\n\n\n<h3 class=\"wp-block-heading\">Term<\/h3>\n\n\n\n<p>It is a process that can be done electronically, it takes approximately 2 days.<\/p>\n\n\n\n<h3 class=\"wp-block-heading\">Green Plates for moving the vehicle abroad<\/h3>\n\n\n\n<p>In case you want to process the deregistration before starting the move to another country, or if you have sold it to a foreign buyer, you can request a temporary permit (green plates) that allows you to move from Spain to another country.<\/p>\n\n\n\n<p>Gestor\u00eda Guasch is located in Ronda Universitat, 7 ent 3 08007 (Barcelona).<\/p>\n\n\n\n<h3 class=\"block-mas-info wp-block-heading\" style=\"font-style:normal;font-weight:500\">Request more information through the form or call us at 933 939 718<\/h3>\n","protected":false},"excerpt":{"rendered":"<p>We take care of all the paperwork for your final cancellation due to export or community transit If you move your residence to a foreign country, or if you sell your vehicle and the buyer moves abroad, you must process the final cancellation for export, or for community transit if the country of destination belongs [&hellip;]<\/p>\n","protected":false},"author":1,"featured_media":2602,"parent":2659,"menu_order":0,"comment_status":"closed","ping_status":"closed","template":"","meta":{"_acf_changed":false,"inline_featured_image":false,"footnotes":""},"class_list":["post-3415","page","type-page","status-publish","has-post-thumbnail","hentry"],"acf":[],"yoast_head":"<!-- This site is optimized with the Yoast SEO plugin v27.6 - https:\/\/yoast.com\/product\/yoast-seo-wordpress\/ -->\n<title>Baja definitiva por exportaci\u00f3n o tr\u00e1nsito comunitario<\/title>\n<meta name=\"description\" content=\"Baja definitiva por exportaci\u00f3n o tr\u00e1nsito comunitario. Cuando el veh\u00edculo se traslada a un pa\u00eds extranjero, si es de fuera de la UE es exportaci\u00f3n.\" \/>\n<meta name=\"robots\" content=\"index, follow, max-snippet:-1, max-image-preview:large, max-video-preview:-1\" \/>\n<link rel=\"canonical\" href=\"https:\/\/gestoriaguasch.cat\/en\/services\/definitive-cancellation-due-to-export-or-community-transit\/\" \/>\n<meta property=\"og:locale\" content=\"en_US\" \/>\n<meta property=\"og:type\" content=\"article\" \/>\n<meta property=\"og:title\" content=\"Baja definitiva por exportaci\u00f3n o tr\u00e1nsito comunitario\" \/>\n<meta property=\"og:description\" content=\"Baja definitiva por exportaci\u00f3n o tr\u00e1nsito comunitario. Cuando el veh\u00edculo se traslada a un pa\u00eds extranjero, si es de fuera de la UE es exportaci\u00f3n.\" \/>\n<meta property=\"og:url\" content=\"https:\/\/gestoriaguasch.cat\/en\/services\/definitive-cancellation-due-to-export-or-community-transit\/\" \/>\n<meta property=\"og:site_name\" content=\"Gestor&iacute;a Guasch i Associats\" \/>\n<meta property=\"article:modified_time\" content=\"2024-10-15T10:55:06+00:00\" \/>\n<meta property=\"og:image\" content=\"https:\/\/gestoriaguasch.cat\/wp-content\/uploads\/2017\/04\/exportacion-vehiculo-texto.jpeg\" \/>\n\t<meta property=\"og:image:width\" content=\"1300\" \/>\n\t<meta property=\"og:image:height\" content=\"867\" \/>\n\t<meta property=\"og:image:type\" content=\"image\/jpeg\" \/>\n<meta name=\"twitter:card\" content=\"summary_large_image\" \/>\n<meta name=\"twitter:label1\" content=\"Est. reading time\" \/>\n\t<meta name=\"twitter:data1\" content=\"2 minutes\" \/>\n<script type=\"application\/ld+json\" class=\"yoast-schema-graph\">{\"@context\":\"https:\\\/\\\/schema.org\",\"@graph\":[{\"@type\":\"WebPage\",\"@id\":\"https:\\\/\\\/gestoriaguasch.cat\\\/en\\\/services\\\/definitive-cancellation-due-to-export-or-community-transit\\\/\",\"url\":\"https:\\\/\\\/gestoriaguasch.cat\\\/en\\\/services\\\/definitive-cancellation-due-to-export-or-community-transit\\\/\",\"name\":\"Baja definitiva por exportaci\u00f3n o tr\u00e1nsito comunitario\",\"isPartOf\":{\"@id\":\"https:\\\/\\\/gestoriaguasch.cat\\\/en\\\/#website\"},\"primaryImageOfPage\":{\"@id\":\"https:\\\/\\\/gestoriaguasch.cat\\\/en\\\/services\\\/definitive-cancellation-due-to-export-or-community-transit\\\/#primaryimage\"},\"image\":{\"@id\":\"https:\\\/\\\/gestoriaguasch.cat\\\/en\\\/services\\\/definitive-cancellation-due-to-export-or-community-transit\\\/#primaryimage\"},\"thumbnailUrl\":\"https:\\\/\\\/gestoriaguasch.cat\\\/wp-content\\\/uploads\\\/2017\\\/04\\\/exportacion-vehiculo-texto.jpeg\",\"datePublished\":\"2017-04-27T09:00:05+00:00\",\"dateModified\":\"2024-10-15T10:55:06+00:00\",\"description\":\"Baja definitiva por exportaci\u00f3n o tr\u00e1nsito comunitario. Cuando el veh\u00edculo se traslada a un pa\u00eds extranjero, si es de fuera de la UE es exportaci\u00f3n.\",\"breadcrumb\":{\"@id\":\"https:\\\/\\\/gestoriaguasch.cat\\\/en\\\/services\\\/definitive-cancellation-due-to-export-or-community-transit\\\/#breadcrumb\"},\"inLanguage\":\"en-US\",\"potentialAction\":[{\"@type\":\"ReadAction\",\"target\":[\"https:\\\/\\\/gestoriaguasch.cat\\\/en\\\/services\\\/definitive-cancellation-due-to-export-or-community-transit\\\/\"]}]},{\"@type\":\"ImageObject\",\"inLanguage\":\"en-US\",\"@id\":\"https:\\\/\\\/gestoriaguasch.cat\\\/en\\\/services\\\/definitive-cancellation-due-to-export-or-community-transit\\\/#primaryimage\",\"url\":\"https:\\\/\\\/gestoriaguasch.cat\\\/wp-content\\\/uploads\\\/2017\\\/04\\\/exportacion-vehiculo-texto.jpeg\",\"contentUrl\":\"https:\\\/\\\/gestoriaguasch.cat\\\/wp-content\\\/uploads\\\/2017\\\/04\\\/exportacion-vehiculo-texto.jpeg\",\"width\":1300,\"height\":867},{\"@type\":\"BreadcrumbList\",\"@id\":\"https:\\\/\\\/gestoriaguasch.cat\\\/en\\\/services\\\/definitive-cancellation-due-to-export-or-community-transit\\\/#breadcrumb\",\"itemListElement\":[{\"@type\":\"ListItem\",\"position\":1,\"name\":\"Inicio\",\"item\":\"https:\\\/\\\/gestoriaguasch.cat\\\/en\\\/\"},{\"@type\":\"ListItem\",\"position\":2,\"name\":\"Services\",\"item\":\"https:\\\/\\\/gestoriaguasch.cat\\\/en\\\/services\\\/\"},{\"@type\":\"ListItem\",\"position\":3,\"name\":\"Definitive cancellation due to export or community transit\"}]},{\"@type\":\"WebSite\",\"@id\":\"https:\\\/\\\/gestoriaguasch.cat\\\/en\\\/#website\",\"url\":\"https:\\\/\\\/gestoriaguasch.cat\\\/en\\\/\",\"name\":\"Gestor\u00eda Guash i associats\",\"description\":\"Tu gestor&iacute;a de tr&aacute;fico en Barcelona\",\"publisher\":{\"@id\":\"https:\\\/\\\/gestoriaguasch.cat\\\/en\\\/#organization\"},\"alternateName\":\"Gestor\u00eda Guash\",\"potentialAction\":[{\"@type\":\"SearchAction\",\"target\":{\"@type\":\"EntryPoint\",\"urlTemplate\":\"https:\\\/\\\/gestoriaguasch.cat\\\/en\\\/?s={search_term_string}\"},\"query-input\":{\"@type\":\"PropertyValueSpecification\",\"valueRequired\":true,\"valueName\":\"search_term_string\"}}],\"inLanguage\":\"en-US\"},{\"@type\":\"Organization\",\"@id\":\"https:\\\/\\\/gestoriaguasch.cat\\\/en\\\/#organization\",\"name\":\"Gestor\u00eda Guasch i Associats\",\"url\":\"https:\\\/\\\/gestoriaguasch.cat\\\/en\\\/\",\"logo\":{\"@type\":\"ImageObject\",\"inLanguage\":\"en-US\",\"@id\":\"https:\\\/\\\/gestoriaguasch.cat\\\/en\\\/#\\\/schema\\\/logo\\\/image\\\/\",\"url\":\"https:\\\/\\\/gestoriaguasch.cat\\\/wp-content\\\/uploads\\\/2022\\\/10\\\/cropped-ico-gestoria-Guash.png\",\"contentUrl\":\"https:\\\/\\\/gestoriaguasch.cat\\\/wp-content\\\/uploads\\\/2022\\\/10\\\/cropped-ico-gestoria-Guash.png\",\"width\":512,\"height\":512,\"caption\":\"Gestor\u00eda Guasch i Associats\"},\"image\":{\"@id\":\"https:\\\/\\\/gestoriaguasch.cat\\\/en\\\/#\\\/schema\\\/logo\\\/image\\\/\"}}]}<\/script>\n<!-- \/ Yoast SEO plugin. -->","yoast_head_json":{"title":"Baja definitiva por exportaci\u00f3n o tr\u00e1nsito comunitario","description":"Baja definitiva por exportaci\u00f3n o tr\u00e1nsito comunitario. Cuando el veh\u00edculo se traslada a un pa\u00eds extranjero, si es de fuera de la UE es exportaci\u00f3n.","robots":{"index":"index","follow":"follow","max-snippet":"max-snippet:-1","max-image-preview":"max-image-preview:large","max-video-preview":"max-video-preview:-1"},"canonical":"https:\/\/gestoriaguasch.cat\/en\/services\/definitive-cancellation-due-to-export-or-community-transit\/","og_locale":"en_US","og_type":"article","og_title":"Baja definitiva por exportaci\u00f3n o tr\u00e1nsito comunitario","og_description":"Baja definitiva por exportaci\u00f3n o tr\u00e1nsito comunitario. Cuando el veh\u00edculo se traslada a un pa\u00eds extranjero, si es de fuera de la UE es exportaci\u00f3n.","og_url":"https:\/\/gestoriaguasch.cat\/en\/services\/definitive-cancellation-due-to-export-or-community-transit\/","og_site_name":"Gestor&iacute;a Guasch i Associats","article_modified_time":"2024-10-15T10:55:06+00:00","og_image":[{"width":1300,"height":867,"url":"https:\/\/gestoriaguasch.cat\/wp-content\/uploads\/2017\/04\/exportacion-vehiculo-texto.jpeg","type":"image\/jpeg"}],"twitter_card":"summary_large_image","twitter_misc":{"Est. reading time":"2 minutes"},"schema":{"@context":"https:\/\/schema.org","@graph":[{"@type":"WebPage","@id":"https:\/\/gestoriaguasch.cat\/en\/services\/definitive-cancellation-due-to-export-or-community-transit\/","url":"https:\/\/gestoriaguasch.cat\/en\/services\/definitive-cancellation-due-to-export-or-community-transit\/","name":"Baja definitiva por exportaci\u00f3n o tr\u00e1nsito comunitario","isPartOf":{"@id":"https:\/\/gestoriaguasch.cat\/en\/#website"},"primaryImageOfPage":{"@id":"https:\/\/gestoriaguasch.cat\/en\/services\/definitive-cancellation-due-to-export-or-community-transit\/#primaryimage"},"image":{"@id":"https:\/\/gestoriaguasch.cat\/en\/services\/definitive-cancellation-due-to-export-or-community-transit\/#primaryimage"},"thumbnailUrl":"https:\/\/gestoriaguasch.cat\/wp-content\/uploads\/2017\/04\/exportacion-vehiculo-texto.jpeg","datePublished":"2017-04-27T09:00:05+00:00","dateModified":"2024-10-15T10:55:06+00:00","description":"Baja definitiva por exportaci\u00f3n o tr\u00e1nsito comunitario. Cuando el veh\u00edculo se traslada a un pa\u00eds extranjero, si es de fuera de la UE es exportaci\u00f3n.","breadcrumb":{"@id":"https:\/\/gestoriaguasch.cat\/en\/services\/definitive-cancellation-due-to-export-or-community-transit\/#breadcrumb"},"inLanguage":"en-US","potentialAction":[{"@type":"ReadAction","target":["https:\/\/gestoriaguasch.cat\/en\/services\/definitive-cancellation-due-to-export-or-community-transit\/"]}]},{"@type":"ImageObject","inLanguage":"en-US","@id":"https:\/\/gestoriaguasch.cat\/en\/services\/definitive-cancellation-due-to-export-or-community-transit\/#primaryimage","url":"https:\/\/gestoriaguasch.cat\/wp-content\/uploads\/2017\/04\/exportacion-vehiculo-texto.jpeg","contentUrl":"https:\/\/gestoriaguasch.cat\/wp-content\/uploads\/2017\/04\/exportacion-vehiculo-texto.jpeg","width":1300,"height":867},{"@type":"BreadcrumbList","@id":"https:\/\/gestoriaguasch.cat\/en\/services\/definitive-cancellation-due-to-export-or-community-transit\/#breadcrumb","itemListElement":[{"@type":"ListItem","position":1,"name":"Inicio","item":"https:\/\/gestoriaguasch.cat\/en\/"},{"@type":"ListItem","position":2,"name":"Services","item":"https:\/\/gestoriaguasch.cat\/en\/services\/"},{"@type":"ListItem","position":3,"name":"Definitive cancellation due to export or community transit"}]},{"@type":"WebSite","@id":"https:\/\/gestoriaguasch.cat\/en\/#website","url":"https:\/\/gestoriaguasch.cat\/en\/","name":"Gestor\u00eda Guash i associats","description":"Tu gestor&iacute;a de tr&aacute;fico en Barcelona","publisher":{"@id":"https:\/\/gestoriaguasch.cat\/en\/#organization"},"alternateName":"Gestor\u00eda Guash","potentialAction":[{"@type":"SearchAction","target":{"@type":"EntryPoint","urlTemplate":"https:\/\/gestoriaguasch.cat\/en\/?s={search_term_string}"},"query-input":{"@type":"PropertyValueSpecification","valueRequired":true,"valueName":"search_term_string"}}],"inLanguage":"en-US"},{"@type":"Organization","@id":"https:\/\/gestoriaguasch.cat\/en\/#organization","name":"Gestor\u00eda Guasch i Associats","url":"https:\/\/gestoriaguasch.cat\/en\/","logo":{"@type":"ImageObject","inLanguage":"en-US","@id":"https:\/\/gestoriaguasch.cat\/en\/#\/schema\/logo\/image\/","url":"https:\/\/gestoriaguasch.cat\/wp-content\/uploads\/2022\/10\/cropped-ico-gestoria-Guash.png","contentUrl":"https:\/\/gestoriaguasch.cat\/wp-content\/uploads\/2022\/10\/cropped-ico-gestoria-Guash.png","width":512,"height":512,"caption":"Gestor\u00eda Guasch i Associats"},"image":{"@id":"https:\/\/gestoriaguasch.cat\/en\/#\/schema\/logo\/image\/"}}]}},"_links":{"self":[{"href":"https:\/\/gestoriaguasch.cat\/en\/wp-json\/wp\/v2\/pages\/3415","targetHints":{"allow":["GET"]}}],"collection":[{"href":"https:\/\/gestoriaguasch.cat\/en\/wp-json\/wp\/v2\/pages"}],"about":[{"href":"https:\/\/gestoriaguasch.cat\/en\/wp-json\/wp\/v2\/types\/page"}],"author":[{"embeddable":true,"href":"https:\/\/gestoriaguasch.cat\/en\/wp-json\/wp\/v2\/users\/1"}],"replies":[{"embeddable":true,"href":"https:\/\/gestoriaguasch.cat\/en\/wp-json\/wp\/v2\/comments?post=3415"}],"version-history":[{"count":2,"href":"https:\/\/gestoriaguasch.cat\/en\/wp-json\/wp\/v2\/pages\/3415\/revisions"}],"predecessor-version":[{"id":3698,"href":"https:\/\/gestoriaguasch.cat\/en\/wp-json\/wp\/v2\/pages\/3415\/revisions\/3698"}],"up":[{"embeddable":true,"href":"https:\/\/gestoriaguasch.cat\/en\/wp-json\/wp\/v2\/pages\/2659"}],"wp:featuredmedia":[{"embeddable":true,"href":"https:\/\/gestoriaguasch.cat\/en\/wp-json\/wp\/v2\/media\/2602"}],"wp:attachment":[{"href":"https:\/\/gestoriaguasch.cat\/en\/wp-json\/wp\/v2\/media?parent=3415"}],"curies":[{"name":"wp","href":"https:\/\/api.w.org\/{rel}","templated":true}]}}