{"id":3417,"date":"2016-09-16T10:38:42","date_gmt":"2016-09-16T10:38:42","guid":{"rendered":"https:\/\/gestoriaguasch.cat\/wgu22\/services\/cambio-de-nombre-coche-telematicamente\/"},"modified":"2025-02-25T16:20:52","modified_gmt":"2025-02-25T16:20:52","slug":"online-change-car-name","status":"publish","type":"page","link":"https:\/\/gestoriaguasch.cat\/en\/services\/online-change-car-name\/","title":{"rendered":"Online change car name"},"content":{"rendered":"\n<h2 class=\"wp-block-heading\">We carry out all the procedures related to changing the name of your car electronically and in a single visit. We work with both individuals and companies, at very affordable prices.<\/h2>\n\n\n\n<p>At<strong> Gestoria Guasch i Associats<\/strong>, we carry out all the procedures for changing the name of the car electronically, in an economical, fast and efficient way.<\/p>\n\n\n\n<p>We offer the following services:<\/p>\n\n\n\n<ul class=\"wp-block-list\">\n<li>Changes of ownership of vehicles.<\/li>\n\n\n\n<li>Registrations.<\/li>\n\n\n\n<li>Duplicates of documentation in case of loss.<\/li>\n\n\n\n<li>Changes of address.<\/li>\n\n\n\n<li>Voluntary temporary removal of the vehicle or due to theft.<\/li>\n\n\n\n<li>Vehicle registration reports.<\/li>\n<\/ul>\n\n\n\n<figure class=\"wp-block-pullquote block-cambio-nombre-140\"><blockquote><p>Car name change<\/p><cite>FOR ONLY \u20ac140 (TAXES AND VAT INCLUDED)<\/cite><\/blockquote><\/figure>\n\n\n\n<h4 class=\"wp-block-heading\"><strong>Notes<\/strong>:<\/h4>\n\n\n\n<ul class=\"wp-block-list\">\n<li>We settle the <strong>Patrimonial Transfer Tax<\/strong> electronically. If the vehicle is less than 10 years old&nbsp;and\/or the buyer is not registered in&nbsp;Catalonia, they will have to pay the Property Transfer Tax which will depend on the technical data of the vehicle itself and the Autonomous Community where the vehicle is registered. <\/li>\n\n\n\n<li>The Provincial Traffic Office verifies that the <strong>Circulation Tax (Impuesto sobre Veh\u00edculos de Tracci\u00f3n Mec\u00e1nica, IVTM)<\/strong>&nbsp;for the previous year (2023) has been paid, otherwise <a href=\"https: \/\/ajuntament.barcelona.cat\/hisenda\/es\/vehiculos#Can I_make_a_change_of_the_name_of_a_vehicle_in_the_Provincial_Traffic_Headquarters_if_the_tax_of_the_last_years_is_not_paid?\">the change of title cannot be made<\/a>.<\/li>\n\n\n\n<li>In addition, at our vehicle agency in Barcelona we can instantly check if the vehicle is <strong>free of charges <\/strong>before finalizing the purchase, requesting a <a href=\"https:\/\/gestoriaguasch.cat \/online-vehicle-report\/\">telematic report to Traffic<\/a>.<\/li>\n<\/ul>\n\n\n\n<h4 class=\"wp-block-heading\"><strong>If you need to change\u00a0car name\u00a0in Barcelona and surroundings, do not hesitate to contact  Gestoria Guasch i Associats, A collegiate manager specializing in all types of vehicle procedures.<\/strong><\/h4>\n\n\n\n<h3 class=\"block-mas-info wp-block-heading\" style=\"font-style:normal;font-weight:500\">Request more information through the form or call us at 933 939 718<\/h3>\n","protected":false},"excerpt":{"rendered":"<p>We carry out all the procedures related to changing the name of your car electronically and in a single visit. We work with both individuals and companies, at very affordable prices. At Gestoria Guasch i Associats, we carry out all the procedures for changing the name of the car electronically, in an economical, fast and [&hellip;]<\/p>\n","protected":false},"author":1,"featured_media":0,"parent":2659,"menu_order":0,"comment_status":"closed","ping_status":"closed","template":"","meta":{"_acf_changed":false,"inline_featured_image":false,"footnotes":""},"class_list":["post-3417","page","type-page","status-publish","hentry"],"acf":[],"yoast_head":"<!-- This site is optimized with the Yoast SEO plugin v27.6 - https:\/\/yoast.com\/product\/yoast-seo-wordpress\/ -->\n<title>Cambio de nombre de coche online<\/title>\n<meta name=\"description\" content=\"Realize su cambio de nombre de coche o motocicleta de forma online (telematicamente) con Gestor\u00eda Guasch (Ubicados en Barcelona)\" \/>\n<meta name=\"robots\" content=\"index, follow, max-snippet:-1, max-image-preview:large, max-video-preview:-1\" \/>\n<link rel=\"canonical\" href=\"https:\/\/gestoriaguasch.cat\/en\/services\/online-change-car-name\/\" \/>\n<meta property=\"og:locale\" content=\"en_US\" \/>\n<meta property=\"og:type\" content=\"article\" \/>\n<meta property=\"og:title\" content=\"Cambio de nombre de coche online\" \/>\n<meta property=\"og:description\" content=\"Realize su cambio de nombre de coche o motocicleta de forma online (telematicamente) con Gestor\u00eda Guasch (Ubicados en Barcelona)\" \/>\n<meta property=\"og:url\" content=\"https:\/\/gestoriaguasch.cat\/en\/services\/online-change-car-name\/\" \/>\n<meta property=\"og:site_name\" content=\"Gestor&iacute;a Guasch i Associats\" \/>\n<meta property=\"article:modified_time\" content=\"2025-02-25T16:20:52+00:00\" \/>\n<meta name=\"twitter:card\" content=\"summary_large_image\" \/>\n<meta name=\"twitter:label1\" content=\"Est. reading time\" \/>\n\t<meta name=\"twitter:data1\" content=\"4 minutes\" \/>\n<script type=\"application\/ld+json\" class=\"yoast-schema-graph\">{\"@context\":\"https:\\\/\\\/schema.org\",\"@graph\":[{\"@type\":\"WebPage\",\"@id\":\"https:\\\/\\\/gestoriaguasch.cat\\\/en\\\/services\\\/online-change-car-name\\\/\",\"url\":\"https:\\\/\\\/gestoriaguasch.cat\\\/en\\\/services\\\/online-change-car-name\\\/\",\"name\":\"Cambio de nombre de coche online\",\"isPartOf\":{\"@id\":\"https:\\\/\\\/gestoriaguasch.cat\\\/en\\\/#website\"},\"datePublished\":\"2016-09-16T10:38:42+00:00\",\"dateModified\":\"2025-02-25T16:20:52+00:00\",\"description\":\"Realize su cambio de nombre de coche o motocicleta de forma online (telematicamente) con Gestor\u00eda Guasch (Ubicados en Barcelona)\",\"breadcrumb\":{\"@id\":\"https:\\\/\\\/gestoriaguasch.cat\\\/en\\\/services\\\/online-change-car-name\\\/#breadcrumb\"},\"inLanguage\":\"en-US\",\"potentialAction\":[{\"@type\":\"ReadAction\",\"target\":[\"https:\\\/\\\/gestoriaguasch.cat\\\/en\\\/services\\\/online-change-car-name\\\/\"]}]},{\"@type\":\"BreadcrumbList\",\"@id\":\"https:\\\/\\\/gestoriaguasch.cat\\\/en\\\/services\\\/online-change-car-name\\\/#breadcrumb\",\"itemListElement\":[{\"@type\":\"ListItem\",\"position\":1,\"name\":\"Inicio\",\"item\":\"https:\\\/\\\/gestoriaguasch.cat\\\/en\\\/\"},{\"@type\":\"ListItem\",\"position\":2,\"name\":\"Services\",\"item\":\"https:\\\/\\\/gestoriaguasch.cat\\\/en\\\/services\\\/\"},{\"@type\":\"ListItem\",\"position\":3,\"name\":\"Online change car name\"}]},{\"@type\":\"WebSite\",\"@id\":\"https:\\\/\\\/gestoriaguasch.cat\\\/en\\\/#website\",\"url\":\"https:\\\/\\\/gestoriaguasch.cat\\\/en\\\/\",\"name\":\"Gestor\u00eda Guash i associats\",\"description\":\"Tu gestor&iacute;a de tr&aacute;fico en Barcelona\",\"publisher\":{\"@id\":\"https:\\\/\\\/gestoriaguasch.cat\\\/en\\\/#organization\"},\"alternateName\":\"Gestor\u00eda Guash\",\"potentialAction\":[{\"@type\":\"SearchAction\",\"target\":{\"@type\":\"EntryPoint\",\"urlTemplate\":\"https:\\\/\\\/gestoriaguasch.cat\\\/en\\\/?s={search_term_string}\"},\"query-input\":{\"@type\":\"PropertyValueSpecification\",\"valueRequired\":true,\"valueName\":\"search_term_string\"}}],\"inLanguage\":\"en-US\"},{\"@type\":\"Organization\",\"@id\":\"https:\\\/\\\/gestoriaguasch.cat\\\/en\\\/#organization\",\"name\":\"Gestor\u00eda Guasch i Associats\",\"url\":\"https:\\\/\\\/gestoriaguasch.cat\\\/en\\\/\",\"logo\":{\"@type\":\"ImageObject\",\"inLanguage\":\"en-US\",\"@id\":\"https:\\\/\\\/gestoriaguasch.cat\\\/en\\\/#\\\/schema\\\/logo\\\/image\\\/\",\"url\":\"https:\\\/\\\/gestoriaguasch.cat\\\/wp-content\\\/uploads\\\/2022\\\/10\\\/cropped-ico-gestoria-Guash.png\",\"contentUrl\":\"https:\\\/\\\/gestoriaguasch.cat\\\/wp-content\\\/uploads\\\/2022\\\/10\\\/cropped-ico-gestoria-Guash.png\",\"width\":512,\"height\":512,\"caption\":\"Gestor\u00eda Guasch i Associats\"},\"image\":{\"@id\":\"https:\\\/\\\/gestoriaguasch.cat\\\/en\\\/#\\\/schema\\\/logo\\\/image\\\/\"}}]}<\/script>\n<!-- \/ Yoast SEO plugin. -->","yoast_head_json":{"title":"Cambio de nombre de coche online","description":"Realize su cambio de nombre de coche o motocicleta de forma online (telematicamente) con Gestor\u00eda Guasch (Ubicados en Barcelona)","robots":{"index":"index","follow":"follow","max-snippet":"max-snippet:-1","max-image-preview":"max-image-preview:large","max-video-preview":"max-video-preview:-1"},"canonical":"https:\/\/gestoriaguasch.cat\/en\/services\/online-change-car-name\/","og_locale":"en_US","og_type":"article","og_title":"Cambio de nombre de coche online","og_description":"Realize su cambio de nombre de coche o motocicleta de forma online (telematicamente) con Gestor\u00eda Guasch (Ubicados en Barcelona)","og_url":"https:\/\/gestoriaguasch.cat\/en\/services\/online-change-car-name\/","og_site_name":"Gestor&iacute;a Guasch i Associats","article_modified_time":"2025-02-25T16:20:52+00:00","twitter_card":"summary_large_image","twitter_misc":{"Est. reading time":"4 minutes"},"schema":{"@context":"https:\/\/schema.org","@graph":[{"@type":"WebPage","@id":"https:\/\/gestoriaguasch.cat\/en\/services\/online-change-car-name\/","url":"https:\/\/gestoriaguasch.cat\/en\/services\/online-change-car-name\/","name":"Cambio de nombre de coche online","isPartOf":{"@id":"https:\/\/gestoriaguasch.cat\/en\/#website"},"datePublished":"2016-09-16T10:38:42+00:00","dateModified":"2025-02-25T16:20:52+00:00","description":"Realize su cambio de nombre de coche o motocicleta de forma online (telematicamente) con Gestor\u00eda Guasch (Ubicados en Barcelona)","breadcrumb":{"@id":"https:\/\/gestoriaguasch.cat\/en\/services\/online-change-car-name\/#breadcrumb"},"inLanguage":"en-US","potentialAction":[{"@type":"ReadAction","target":["https:\/\/gestoriaguasch.cat\/en\/services\/online-change-car-name\/"]}]},{"@type":"BreadcrumbList","@id":"https:\/\/gestoriaguasch.cat\/en\/services\/online-change-car-name\/#breadcrumb","itemListElement":[{"@type":"ListItem","position":1,"name":"Inicio","item":"https:\/\/gestoriaguasch.cat\/en\/"},{"@type":"ListItem","position":2,"name":"Services","item":"https:\/\/gestoriaguasch.cat\/en\/services\/"},{"@type":"ListItem","position":3,"name":"Online change car name"}]},{"@type":"WebSite","@id":"https:\/\/gestoriaguasch.cat\/en\/#website","url":"https:\/\/gestoriaguasch.cat\/en\/","name":"Gestor\u00eda Guash i associats","description":"Tu gestor&iacute;a de tr&aacute;fico en Barcelona","publisher":{"@id":"https:\/\/gestoriaguasch.cat\/en\/#organization"},"alternateName":"Gestor\u00eda Guash","potentialAction":[{"@type":"SearchAction","target":{"@type":"EntryPoint","urlTemplate":"https:\/\/gestoriaguasch.cat\/en\/?s={search_term_string}"},"query-input":{"@type":"PropertyValueSpecification","valueRequired":true,"valueName":"search_term_string"}}],"inLanguage":"en-US"},{"@type":"Organization","@id":"https:\/\/gestoriaguasch.cat\/en\/#organization","name":"Gestor\u00eda Guasch i Associats","url":"https:\/\/gestoriaguasch.cat\/en\/","logo":{"@type":"ImageObject","inLanguage":"en-US","@id":"https:\/\/gestoriaguasch.cat\/en\/#\/schema\/logo\/image\/","url":"https:\/\/gestoriaguasch.cat\/wp-content\/uploads\/2022\/10\/cropped-ico-gestoria-Guash.png","contentUrl":"https:\/\/gestoriaguasch.cat\/wp-content\/uploads\/2022\/10\/cropped-ico-gestoria-Guash.png","width":512,"height":512,"caption":"Gestor\u00eda Guasch i Associats"},"image":{"@id":"https:\/\/gestoriaguasch.cat\/en\/#\/schema\/logo\/image\/"}}]}},"_links":{"self":[{"href":"https:\/\/gestoriaguasch.cat\/en\/wp-json\/wp\/v2\/pages\/3417","targetHints":{"allow":["GET"]}}],"collection":[{"href":"https:\/\/gestoriaguasch.cat\/en\/wp-json\/wp\/v2\/pages"}],"about":[{"href":"https:\/\/gestoriaguasch.cat\/en\/wp-json\/wp\/v2\/types\/page"}],"author":[{"embeddable":true,"href":"https:\/\/gestoriaguasch.cat\/en\/wp-json\/wp\/v2\/users\/1"}],"replies":[{"embeddable":true,"href":"https:\/\/gestoriaguasch.cat\/en\/wp-json\/wp\/v2\/comments?post=3417"}],"version-history":[{"count":2,"href":"https:\/\/gestoriaguasch.cat\/en\/wp-json\/wp\/v2\/pages\/3417\/revisions"}],"predecessor-version":[{"id":3851,"href":"https:\/\/gestoriaguasch.cat\/en\/wp-json\/wp\/v2\/pages\/3417\/revisions\/3851"}],"up":[{"embeddable":true,"href":"https:\/\/gestoriaguasch.cat\/en\/wp-json\/wp\/v2\/pages\/2659"}],"wp:attachment":[{"href":"https:\/\/gestoriaguasch.cat\/en\/wp-json\/wp\/v2\/media?parent=3417"}],"curies":[{"name":"wp","href":"https:\/\/api.w.org\/{rel}","templated":true}]}}