{"id":3457,"date":"2016-09-15T11:02:48","date_gmt":"2016-09-15T11:02:48","guid":{"rendered":"https:\/\/gestoriaguasch.cat\/wgu22\/services\/gestoria-motos-barcelona\/"},"modified":"2025-02-25T16:21:11","modified_gmt":"2025-02-25T16:21:11","slug":"motorcycle-management-in-barcelona","status":"publish","type":"page","link":"https:\/\/gestoriaguasch.cat\/en\/services\/motorcycle-management-in-barcelona\/","title":{"rendered":"Motorcycle management in Barcelona"},"content":{"rendered":"\n<h2 class=\"wp-block-heading\">We carry out all the procedures related to the name change of your motorcycle or moped electronically and in a single visit. We work with both individuals and companies, at very affordable prices.<\/h2>\n\n\n\n<p>We carry out, among others, the following procedures:<\/p>\n\n\n\n<ul class=\"wp-block-list\">\n<li>Change of ownership of your motorcycle.<\/li>\n\n\n\n<li>Registrations.<\/li>\n\n\n\n<li>Duplicates of documentation in case of loss.<\/li>\n\n\n\n<li>Changes of address.<\/li>\n\n\n\n<li>Voluntary temporary removal of the vehicle or due to theft.<\/li>\n\n\n\n<li>Vehicle registration reports.<\/li>\n<\/ul>\n\n\n\n<figure class=\"wp-block-pullquote cambio-nombre-moto\" style=\"border-style:solid\"><blockquote><p>Change motorcycle ownership for only \u20ac140<\/p><cite>(taxes and VAT included)<\/cite><\/blockquote><\/figure>\n\n\n\n<h4 class=\"wp-block-heading\"><strong>Notes<\/strong>:<\/h4>\n\n\n\n<ul class=\"wp-block-list\">\n<li>We settle the <strong>Patrimonial Transfer Tax<\/strong> electronically. If the vehicle is less than 10 years old&nbsp;and\/or the buyer is not registered in&nbsp;Catalonia, they will have to pay the Property Transfer Tax which will depend on the technical data of the vehicle itself and the Autonomous Community where the vehicle is registered. <\/li>\n\n\n\n<li>Mopeds are not required to pay the Property Transfer Tax<\/li>\n\n\n\n<li>The Provincial Traffic Office verifies that the <strong>Circulation Tax (Impuesto sobre Veh\u00edculos de Tracci\u00f3n Mec\u00e1nica, IVTM)<\/strong>&nbsp;from the previous year (2023) has been paid, otherwise <a href=\"https: \/\/ajuntament.barcelona.cat\/hisenda\/es\/vehiculos#Can I_make_a_change_of_the_name_of_a_vehicle_in_the_Provincial_Traffic_Headquarters_if_the_tax_of_the_last_years_is_not_paid?\">the transfer of ownership cannot be made<\/a>. If you wish, we can take care of settling this tax for you, either at the Barcelona City Council or at councils belonging to the Barcelona Provincial Council.<\/li>\n\n\n\n<li>In addition, at our motorcycle agency&nbsp;in Barcelona we can instantly check if the motorcycle&nbsp;is <strong>free of charges <\/strong>before finalizing the purchase, requesting a <a href=\"https:\/\/gestoriaguasch .cat\/informe-de-vehiculo-online\/\">telematic report to Traffic<\/a>.<\/li>\n\n\n\n<li>Once all the documentation is signed, you will be issued a <strong>professional receipt<\/strong> to be able to drive your motorcycle or moped while the transfer is being processed at the <strong>Provincial Traffic Headquarters<\/strong> of ownership.<\/li>\n<\/ul>\n\n\n<div class=\"wp-block-image\">\n<figure class=\"alignright\"><img loading=\"lazy\" decoding=\"async\" width=\"225\" height=\"300\" src=\"https:\/\/gestoriaguasch.cat\/wgu22\/wp-content\/uploads\/2016\/09\/motos-225x300.jpg\" alt=\"motos\" class=\"wp-image-691\" srcset=\"https:\/\/gestoriaguasch.cat\/wp-content\/uploads\/2016\/09\/motos-225x300.jpg 225w, https:\/\/gestoriaguasch.cat\/wp-content\/uploads\/2016\/09\/motos.jpg 488w\" sizes=\"auto, (max-width: 225px) 100vw, 225px\" \/><\/figure>\n<\/div>\n\n\n<h4 class=\"wp-block-heading\"><strong>If you need to change\u00a0car name\u00a0in Barcelona and surroundings, do not hesitate to contact  Gestoria Guasch i Associats, a collegiate manager specializing in all types of vehicle procedures.\u00a0<\/strong><\/h4>\n\n\n\n<h3 class=\"wp-block-heading\">Carry out your procedures comfortably<\/h3>\n\n\n\n<p>We are <strong>located<\/strong> at Ronda Universitat, 7 ent 3, <strong> Barcelona<\/strong>, very close to Plaza Catalu\u00f1a.<\/p>\n\n\n\n<p>If you cannot come to our office, we have an <strong>online agency<\/strong>, you can send us the documentation and when the process is finished we will send you the documentation by certified mail or by courier. We also have <strong>home service<\/strong>.<\/p>\n\n\n\n<figure class=\"wp-block-pullquote block-cambio-nombre-140\"><blockquote><p>Car name change<\/p><cite>FOR ONLY \u20ac140 (TAXES AND VAT INCLUDED)<\/cite><\/blockquote><\/figure>\n\n\n\n<h3 class=\"block-mas-info wp-block-heading\" style=\"font-style:normal;font-weight:500\">Request more information through the form or call us at 933 939 718<\/h3>\n","protected":false},"excerpt":{"rendered":"<p>We carry out all the procedures related to the name change of your motorcycle or moped electronically and in a single visit. We work with both individuals and companies, at very affordable prices. We carry out, among others, the following procedures: Notes: If you need to change\u00a0car name\u00a0in Barcelona and surroundings, do not hesitate to [&hellip;]<\/p>\n","protected":false},"author":1,"featured_media":2629,"parent":2659,"menu_order":0,"comment_status":"closed","ping_status":"closed","template":"","meta":{"_acf_changed":false,"inline_featured_image":false,"footnotes":""},"class_list":["post-3457","page","type-page","status-publish","has-post-thumbnail","hentry"],"acf":[],"yoast_head":"<!-- This site is optimized with the Yoast SEO plugin v27.6 - https:\/\/yoast.com\/product\/yoast-seo-wordpress\/ -->\n<title>gestor\u00eda de motos en Barcelona<\/title>\n<meta name=\"description\" content=\"gestor\u00eda de motos en Barcelona\" \/>\n<meta name=\"robots\" content=\"index, follow, max-snippet:-1, max-image-preview:large, max-video-preview:-1\" \/>\n<link rel=\"canonical\" href=\"https:\/\/gestoriaguasch.cat\/en\/services\/motorcycle-management-in-barcelona\/\" \/>\n<meta property=\"og:locale\" content=\"en_US\" \/>\n<meta property=\"og:type\" content=\"article\" \/>\n<meta property=\"og:title\" content=\"gestor\u00eda de motos en Barcelona\" \/>\n<meta property=\"og:description\" content=\"gestor\u00eda de motos en Barcelona\" \/>\n<meta property=\"og:url\" content=\"https:\/\/gestoriaguasch.cat\/en\/services\/motorcycle-management-in-barcelona\/\" \/>\n<meta property=\"og:site_name\" content=\"Gestor&iacute;a Guasch i Associats\" \/>\n<meta property=\"article:modified_time\" content=\"2025-02-25T16:21:11+00:00\" \/>\n<meta property=\"og:image\" content=\"https:\/\/gestoriaguasch.cat\/wp-content\/uploads\/2016\/09\/motos.jpg\" \/>\n\t<meta property=\"og:image:width\" content=\"488\" \/>\n\t<meta property=\"og:image:height\" content=\"650\" \/>\n\t<meta property=\"og:image:type\" content=\"image\/jpeg\" \/>\n<meta name=\"twitter:card\" content=\"summary_large_image\" \/>\n<meta name=\"twitter:label1\" content=\"Est. reading time\" \/>\n\t<meta name=\"twitter:data1\" content=\"7 minutes\" \/>\n<script type=\"application\/ld+json\" class=\"yoast-schema-graph\">{\"@context\":\"https:\\\/\\\/schema.org\",\"@graph\":[{\"@type\":\"WebPage\",\"@id\":\"https:\\\/\\\/gestoriaguasch.cat\\\/en\\\/services\\\/motorcycle-management-in-barcelona\\\/\",\"url\":\"https:\\\/\\\/gestoriaguasch.cat\\\/en\\\/services\\\/motorcycle-management-in-barcelona\\\/\",\"name\":\"gestor\u00eda de motos en Barcelona\",\"isPartOf\":{\"@id\":\"https:\\\/\\\/gestoriaguasch.cat\\\/en\\\/#website\"},\"primaryImageOfPage\":{\"@id\":\"https:\\\/\\\/gestoriaguasch.cat\\\/en\\\/services\\\/motorcycle-management-in-barcelona\\\/#primaryimage\"},\"image\":{\"@id\":\"https:\\\/\\\/gestoriaguasch.cat\\\/en\\\/services\\\/motorcycle-management-in-barcelona\\\/#primaryimage\"},\"thumbnailUrl\":\"https:\\\/\\\/gestoriaguasch.cat\\\/wp-content\\\/uploads\\\/2022\\\/10\\\/gestoria-guasch-office03.png\",\"datePublished\":\"2016-09-15T11:02:48+00:00\",\"dateModified\":\"2025-02-25T16:21:11+00:00\",\"description\":\"gestor\u00eda de motos en Barcelona\",\"breadcrumb\":{\"@id\":\"https:\\\/\\\/gestoriaguasch.cat\\\/en\\\/services\\\/motorcycle-management-in-barcelona\\\/#breadcrumb\"},\"inLanguage\":\"en-US\",\"potentialAction\":[{\"@type\":\"ReadAction\",\"target\":[\"https:\\\/\\\/gestoriaguasch.cat\\\/en\\\/services\\\/motorcycle-management-in-barcelona\\\/\"]}]},{\"@type\":\"ImageObject\",\"inLanguage\":\"en-US\",\"@id\":\"https:\\\/\\\/gestoriaguasch.cat\\\/en\\\/services\\\/motorcycle-management-in-barcelona\\\/#primaryimage\",\"url\":\"https:\\\/\\\/gestoriaguasch.cat\\\/wp-content\\\/uploads\\\/2022\\\/10\\\/gestoria-guasch-office03.png\",\"contentUrl\":\"https:\\\/\\\/gestoriaguasch.cat\\\/wp-content\\\/uploads\\\/2022\\\/10\\\/gestoria-guasch-office03.png\",\"width\":793,\"height\":807,\"caption\":\"gestoria de motos barcelona\"},{\"@type\":\"BreadcrumbList\",\"@id\":\"https:\\\/\\\/gestoriaguasch.cat\\\/en\\\/services\\\/motorcycle-management-in-barcelona\\\/#breadcrumb\",\"itemListElement\":[{\"@type\":\"ListItem\",\"position\":1,\"name\":\"Inicio\",\"item\":\"https:\\\/\\\/gestoriaguasch.cat\\\/en\\\/\"},{\"@type\":\"ListItem\",\"position\":2,\"name\":\"Services\",\"item\":\"https:\\\/\\\/gestoriaguasch.cat\\\/en\\\/services\\\/\"},{\"@type\":\"ListItem\",\"position\":3,\"name\":\"Motorcycle management in Barcelona\"}]},{\"@type\":\"WebSite\",\"@id\":\"https:\\\/\\\/gestoriaguasch.cat\\\/en\\\/#website\",\"url\":\"https:\\\/\\\/gestoriaguasch.cat\\\/en\\\/\",\"name\":\"Gestor\u00eda Guash i associats\",\"description\":\"Tu gestor&iacute;a de tr&aacute;fico en Barcelona\",\"publisher\":{\"@id\":\"https:\\\/\\\/gestoriaguasch.cat\\\/en\\\/#organization\"},\"alternateName\":\"Gestor\u00eda Guash\",\"potentialAction\":[{\"@type\":\"SearchAction\",\"target\":{\"@type\":\"EntryPoint\",\"urlTemplate\":\"https:\\\/\\\/gestoriaguasch.cat\\\/en\\\/?s={search_term_string}\"},\"query-input\":{\"@type\":\"PropertyValueSpecification\",\"valueRequired\":true,\"valueName\":\"search_term_string\"}}],\"inLanguage\":\"en-US\"},{\"@type\":\"Organization\",\"@id\":\"https:\\\/\\\/gestoriaguasch.cat\\\/en\\\/#organization\",\"name\":\"Gestor\u00eda Guasch i Associats\",\"url\":\"https:\\\/\\\/gestoriaguasch.cat\\\/en\\\/\",\"logo\":{\"@type\":\"ImageObject\",\"inLanguage\":\"en-US\",\"@id\":\"https:\\\/\\\/gestoriaguasch.cat\\\/en\\\/#\\\/schema\\\/logo\\\/image\\\/\",\"url\":\"https:\\\/\\\/gestoriaguasch.cat\\\/wp-content\\\/uploads\\\/2022\\\/10\\\/cropped-ico-gestoria-Guash.png\",\"contentUrl\":\"https:\\\/\\\/gestoriaguasch.cat\\\/wp-content\\\/uploads\\\/2022\\\/10\\\/cropped-ico-gestoria-Guash.png\",\"width\":512,\"height\":512,\"caption\":\"Gestor\u00eda Guasch i Associats\"},\"image\":{\"@id\":\"https:\\\/\\\/gestoriaguasch.cat\\\/en\\\/#\\\/schema\\\/logo\\\/image\\\/\"}}]}<\/script>\n<!-- \/ Yoast SEO plugin. -->","yoast_head_json":{"title":"gestor\u00eda de motos en Barcelona","description":"gestor\u00eda de motos en Barcelona","robots":{"index":"index","follow":"follow","max-snippet":"max-snippet:-1","max-image-preview":"max-image-preview:large","max-video-preview":"max-video-preview:-1"},"canonical":"https:\/\/gestoriaguasch.cat\/en\/services\/motorcycle-management-in-barcelona\/","og_locale":"en_US","og_type":"article","og_title":"gestor\u00eda de motos en Barcelona","og_description":"gestor\u00eda de motos en Barcelona","og_url":"https:\/\/gestoriaguasch.cat\/en\/services\/motorcycle-management-in-barcelona\/","og_site_name":"Gestor&iacute;a Guasch i Associats","article_modified_time":"2025-02-25T16:21:11+00:00","og_image":[{"width":488,"height":650,"url":"https:\/\/gestoriaguasch.cat\/wp-content\/uploads\/2016\/09\/motos.jpg","type":"image\/jpeg"}],"twitter_card":"summary_large_image","twitter_misc":{"Est. reading time":"7 minutes"},"schema":{"@context":"https:\/\/schema.org","@graph":[{"@type":"WebPage","@id":"https:\/\/gestoriaguasch.cat\/en\/services\/motorcycle-management-in-barcelona\/","url":"https:\/\/gestoriaguasch.cat\/en\/services\/motorcycle-management-in-barcelona\/","name":"gestor\u00eda de motos en Barcelona","isPartOf":{"@id":"https:\/\/gestoriaguasch.cat\/en\/#website"},"primaryImageOfPage":{"@id":"https:\/\/gestoriaguasch.cat\/en\/services\/motorcycle-management-in-barcelona\/#primaryimage"},"image":{"@id":"https:\/\/gestoriaguasch.cat\/en\/services\/motorcycle-management-in-barcelona\/#primaryimage"},"thumbnailUrl":"https:\/\/gestoriaguasch.cat\/wp-content\/uploads\/2022\/10\/gestoria-guasch-office03.png","datePublished":"2016-09-15T11:02:48+00:00","dateModified":"2025-02-25T16:21:11+00:00","description":"gestor\u00eda de motos en Barcelona","breadcrumb":{"@id":"https:\/\/gestoriaguasch.cat\/en\/services\/motorcycle-management-in-barcelona\/#breadcrumb"},"inLanguage":"en-US","potentialAction":[{"@type":"ReadAction","target":["https:\/\/gestoriaguasch.cat\/en\/services\/motorcycle-management-in-barcelona\/"]}]},{"@type":"ImageObject","inLanguage":"en-US","@id":"https:\/\/gestoriaguasch.cat\/en\/services\/motorcycle-management-in-barcelona\/#primaryimage","url":"https:\/\/gestoriaguasch.cat\/wp-content\/uploads\/2022\/10\/gestoria-guasch-office03.png","contentUrl":"https:\/\/gestoriaguasch.cat\/wp-content\/uploads\/2022\/10\/gestoria-guasch-office03.png","width":793,"height":807,"caption":"gestoria de motos barcelona"},{"@type":"BreadcrumbList","@id":"https:\/\/gestoriaguasch.cat\/en\/services\/motorcycle-management-in-barcelona\/#breadcrumb","itemListElement":[{"@type":"ListItem","position":1,"name":"Inicio","item":"https:\/\/gestoriaguasch.cat\/en\/"},{"@type":"ListItem","position":2,"name":"Services","item":"https:\/\/gestoriaguasch.cat\/en\/services\/"},{"@type":"ListItem","position":3,"name":"Motorcycle management in Barcelona"}]},{"@type":"WebSite","@id":"https:\/\/gestoriaguasch.cat\/en\/#website","url":"https:\/\/gestoriaguasch.cat\/en\/","name":"Gestor\u00eda Guash i associats","description":"Tu gestor&iacute;a de tr&aacute;fico en Barcelona","publisher":{"@id":"https:\/\/gestoriaguasch.cat\/en\/#organization"},"alternateName":"Gestor\u00eda Guash","potentialAction":[{"@type":"SearchAction","target":{"@type":"EntryPoint","urlTemplate":"https:\/\/gestoriaguasch.cat\/en\/?s={search_term_string}"},"query-input":{"@type":"PropertyValueSpecification","valueRequired":true,"valueName":"search_term_string"}}],"inLanguage":"en-US"},{"@type":"Organization","@id":"https:\/\/gestoriaguasch.cat\/en\/#organization","name":"Gestor\u00eda Guasch i Associats","url":"https:\/\/gestoriaguasch.cat\/en\/","logo":{"@type":"ImageObject","inLanguage":"en-US","@id":"https:\/\/gestoriaguasch.cat\/en\/#\/schema\/logo\/image\/","url":"https:\/\/gestoriaguasch.cat\/wp-content\/uploads\/2022\/10\/cropped-ico-gestoria-Guash.png","contentUrl":"https:\/\/gestoriaguasch.cat\/wp-content\/uploads\/2022\/10\/cropped-ico-gestoria-Guash.png","width":512,"height":512,"caption":"Gestor\u00eda Guasch i Associats"},"image":{"@id":"https:\/\/gestoriaguasch.cat\/en\/#\/schema\/logo\/image\/"}}]}},"_links":{"self":[{"href":"https:\/\/gestoriaguasch.cat\/en\/wp-json\/wp\/v2\/pages\/3457","targetHints":{"allow":["GET"]}}],"collection":[{"href":"https:\/\/gestoriaguasch.cat\/en\/wp-json\/wp\/v2\/pages"}],"about":[{"href":"https:\/\/gestoriaguasch.cat\/en\/wp-json\/wp\/v2\/types\/page"}],"author":[{"embeddable":true,"href":"https:\/\/gestoriaguasch.cat\/en\/wp-json\/wp\/v2\/users\/1"}],"replies":[{"embeddable":true,"href":"https:\/\/gestoriaguasch.cat\/en\/wp-json\/wp\/v2\/comments?post=3457"}],"version-history":[{"count":3,"href":"https:\/\/gestoriaguasch.cat\/en\/wp-json\/wp\/v2\/pages\/3457\/revisions"}],"predecessor-version":[{"id":3852,"href":"https:\/\/gestoriaguasch.cat\/en\/wp-json\/wp\/v2\/pages\/3457\/revisions\/3852"}],"up":[{"embeddable":true,"href":"https:\/\/gestoriaguasch.cat\/en\/wp-json\/wp\/v2\/pages\/2659"}],"wp:featuredmedia":[{"embeddable":true,"href":"https:\/\/gestoriaguasch.cat\/en\/wp-json\/wp\/v2\/media\/2629"}],"wp:attachment":[{"href":"https:\/\/gestoriaguasch.cat\/en\/wp-json\/wp\/v2\/media?parent=3457"}],"curies":[{"name":"wp","href":"https:\/\/api.w.org\/{rel}","templated":true}]}}