{"id":3481,"date":"2016-07-11T14:54:03","date_gmt":"2016-07-11T14:54:03","guid":{"rendered":"https:\/\/gestoriaguasch.cat\/wgu22\/services\/gestoria-de-trafico-en-barcelona\/"},"modified":"2025-02-26T08:03:44","modified_gmt":"2025-02-26T08:03:44","slug":"traffic-management-in-barcelona","status":"publish","type":"page","link":"https:\/\/gestoriaguasch.cat\/en\/services\/traffic-management-in-barcelona\/","title":{"rendered":"Traffic management in Barcelona"},"content":{"rendered":"\n<h2 class=\"wp-block-heading\">Comprehensive service in the management and procedures of drivers and vehicles before the General Directorate of Traffic.<\/h2>\n\n\n\n<div class=\"wp-block-group\"><div class=\"wp-block-group__inner-container is-layout-flow wp-block-group-is-layout-flow\">\n<div class=\"wp-block-media-text alignwide has-media-on-the-right is-stacked-on-mobile\"><div class=\"wp-block-media-text__content\">\n<p>Traffic management in Barcelona Guasch i Associats wants to be your trusted traffic management, with the ease of carrying out all your procedures and inquiries in the fastest and most efficient way through our online service.<\/p>\n<\/div><figure class=\"wp-block-media-text__media\"><img loading=\"lazy\" decoding=\"async\" width=\"798\" height=\"698\" src=\"https:\/\/gestoriaguasch.cat\/wgu22\/wp-content\/uploads\/2022\/10\/gestoria-guasch-traffic01.png\" alt=\"\" class=\"wp-image-2259 size-full\" srcset=\"https:\/\/gestoriaguasch.cat\/wp-content\/uploads\/2022\/10\/gestoria-guasch-traffic01.png 798w, https:\/\/gestoriaguasch.cat\/wp-content\/uploads\/2022\/10\/gestoria-guasch-traffic01-300x262.png 300w, https:\/\/gestoriaguasch.cat\/wp-content\/uploads\/2022\/10\/gestoria-guasch-traffic01-768x672.png 768w\" sizes=\"auto, (max-width: 798px) 100vw, 798px\" \/><\/figure><\/div>\n<\/div><\/div>\n\n\n<p><!-- \/wp:post-content --><\/p>\n<p><!-- wp:heading --><\/p>\n<h2>All kinds of procedures<\/h2>\n<p><!-- \/wp:heading --><\/p>\n<p><!-- wp:list --><\/p>\n<ul>\n<li style=\"list-style-type: none;\">\n<ul><!-- wp:list-item --><\/ul>\n<\/li>\n<\/ul>\n<ul>\n<li style=\"list-style-type: none;\">\n<ul>\n<li>Ownership Transfers (Name Changes)<\/li>\n<\/ul>\n<\/li>\n<\/ul>\n<p><!-- \/wp:list-item --><\/p>\n<p><!-- wp:list-item --><\/p>\n<ul>\n<li style=\"list-style-type: none;\">\n<ul>\n<li>Registrations of imported vehicles<\/li>\n<\/ul>\n<\/li>\n<\/ul>\n<p><!-- \/wp:list-item --><\/p>\n<p><!-- wp:list-item --><\/p>\n<ul>\n<li style=\"list-style-type: none;\">\n<ul>\n<li>Temporary driving permits (green plates)<\/li>\n<\/ul>\n<\/li>\n<\/ul>\n<p><!-- \/wp:list-item --><\/p>\n<p><!-- wp:list-item --><\/p>\n<ul>\n<li style=\"list-style-type: none;\">\n<ul>\n<li>Exchange foreign driver&#8217;s licenses<\/li>\n<\/ul>\n<\/li>\n<\/ul>\n<p><!-- \/wp:list-item --><\/p>\n<p><!-- wp:list-item --><\/p>\n<ul>\n<li style=\"list-style-type: none;\">\n<ul>\n<li>Address changes<\/li>\n<\/ul>\n<\/li>\n<\/ul>\n<p><!-- \/wp:list-item --><\/p>\n<p><!-- wp:list-item --><\/p>\n<ul>\n<li style=\"list-style-type: none;\">\n<ul>\n<li>Permanent or temporary leave<\/li>\n<\/ul>\n<\/li>\n<\/ul>\n<p><!-- \/wp:list-item --><\/p>\n<p><!-- wp:list-item --><\/p>\n<ul>\n<li style=\"list-style-type: none;\">\n<ul>\n<li>Vehicle rehabilitation &#8211; voluntary registration<\/li>\n<\/ul>\n<\/li>\n<\/ul>\n<p><!-- \/wp:list-item --><\/p>\n<p><!-- wp:list-item --><\/p>\n<ul>\n<li style=\"list-style-type: none;\">\n<ul>\n<li>Documentation duplicates<\/li>\n<\/ul>\n<\/li>\n<\/ul>\n<p><!-- \/wp:list-item --><\/p>\n<p><!-- wp:list-item --><\/p>\n<ul>\n<li style=\"list-style-type: none;\">\n<ul>\n<li>International Card<\/li>\n<\/ul>\n<\/li>\n<\/ul>\n<p><!-- \/wp:list-item --><\/p>\n<p><!-- wp:list-item --><\/p>\n<ul>\n<li style=\"list-style-type: none;\">\n<ul>\n<li>Traffic reports<\/li>\n<\/ul>\n<\/li>\n<\/ul>\n<p><!-- \/wp:list-item --><\/p>\n<p><!-- \/wp:list --><\/p>\n<p><!-- wp:paragraph {\"textColor\":\"black\"} --><\/p>\n<p class=\"has-black-color has-text-color\">Get, through our traffic management, <a href=\"https:\/\/gestoriaguasch.cat\/en\/services\/online-vehicle-report\/\"> <strong>reports of the vehicle<\/strong><\/a> that I wanted, providing only the license plate. Immediately, and totally <strong>online,<\/strong> you will know the administrative situation of the vehicle and if it is free of charges before finalizing the purchase.<\/p>\n<p><!-- \/wp:paragraph --><\/p>\n<p><!-- wp:paragraph --><\/p>\n<p>We will manage the <strong>change of ownership<\/strong> of your vehicle in the fastest way and comfortable. We offer the <strong>best price<\/strong> in processing the transfer of ownership of your motorcycle or car for <strong>only \u20ac140 (taxes DGT and VAT included).<\/strong><\/p>\n<p><!-- \/wp:paragraph --><\/p>\n<p><!-- wp:paragraph --><\/p>\n<p>From our traffic management office in\u00a0Barcelona\u00a0you can process the <strong>deregistration of your vehicle<\/strong> at the Provincial Traffic Department, save yourself\u00a0long queues by entrusting the procedures to a collegiate manager. We manage temporary cancellations, permanent cancellations for export to another country, etc. We offer a professional service thanks to our experience as a specialized vehicle agency.<\/p>\n<p><!-- \/wp:paragraph --><\/p>\n<p><!-- wp:paragraph --><\/p>\n<p>In case of loss or damage, obtain <strong>duplicates of documentation<\/strong>for your vehicle comfortably.<\/p>\n<p><!-- \/wp:paragraph --><\/p>\n<p><!-- wp:paragraph --><\/p>\n<p>Proceed with our traffic agency for the <a href=\"https:\/\/gestoriaguasch.cat\/en\/services\/registration-of-imported-cars\/\"><strong>vehicle registration<\/strong>&lt; \/a&gt;import\u00a0at the best price. At Gestor\u00eda Guasch we help you with the presentation of registration, circulation, property transfer taxes, and in case you need to approve the car or motorcycle, we will process the Reduced Technical Sheet.<\/a><\/p>\n<p><!-- \/wp:paragraph --><\/p>\n<p><!-- wp:heading --><\/p>\n<h2>A single visit<\/h2>\n<p><!-- \/wp:heading --><\/p>\n<p><!-- wp:paragraph --><\/p>\n<p>Don&#8217;t waste your time queuing at the General Directorate of Traffic, let us take care of all the paperwork. We carry out all the procedures electronically with the DGT.<\/p>\n<p><!-- \/wp:paragraph --><\/p>\n<p><!-- wp:heading --><\/p>\n<h2>Traffic management in Barcelona<\/h2>\n<p><!-- \/wp:heading --><\/p>\n<p><!-- wp:paragraph --><\/p>\n<p><a href=\"https:\/\/gestoriaguasch.cat\/en\/services\/registration-of-imported-cars\/\">If you need to change the name\u00a0of your vehicle\u00a0in Barcelona, \u200b\u200bdon&#8217;t think twice. From a motorcycle, a car or a truck, at <\/a><a href=\"https:\/\/gestoriaguasch.cat\/en\/\">Gestoria Guasch i Associats<\/a> we take care of everything.<br \/>And in a single visit!<\/p>\n<p><!-- \/wp:paragraph --><\/p>\n<p>We are located at Ronda Universitat, 7 ent 3 (Barcelona).<\/p>\n<p><!-- wp:block {\"ref\":2305} \/--><\/p>\n<p><!-- wp:paragraph --><\/p>\n<p><!-- \/wp:paragraph --><\/p>\n\n<!-- wp:paragraph -->\n<p><\/p>\n<!-- \/wp:paragraph -->","protected":false},"excerpt":{"rendered":"<p>Comprehensive service in the management and procedures of drivers and vehicles before the General Directorate of Traffic. Traffic management in Barcelona Guasch i Associats wants to be your trusted traffic management, with the ease of carrying out all your procedures and inquiries in the fastest and most efficient way through our online service. All kinds [&hellip;]<\/p>\n","protected":false},"author":1,"featured_media":2630,"parent":2659,"menu_order":0,"comment_status":"closed","ping_status":"closed","template":"","meta":{"_acf_changed":false,"inline_featured_image":false,"footnotes":""},"class_list":["post-3481","page","type-page","status-publish","has-post-thumbnail","hentry"],"acf":[],"yoast_head":"<!-- This site is optimized with the Yoast SEO plugin v27.6 - https:\/\/yoast.com\/product\/yoast-seo-wordpress\/ -->\n<title>Gestor\u00eda de tr\u00e1fico en Barcelona - Guasch i Associats<\/title>\n<meta name=\"description\" content=\"Gestor\u00eda de tr\u00e1fico en Barcelona especialista en la tramitaci\u00f3n y expedici\u00f3n de documentos relacionados con la Direcci\u00f3n General de tr\u00e1fico.\" \/>\n<meta name=\"robots\" content=\"index, follow, max-snippet:-1, max-image-preview:large, max-video-preview:-1\" \/>\n<link rel=\"canonical\" href=\"https:\/\/gestoriaguasch.cat\/en\/services\/traffic-management-in-barcelona\/\" \/>\n<meta property=\"og:locale\" content=\"en_US\" \/>\n<meta property=\"og:type\" content=\"article\" \/>\n<meta property=\"og:title\" content=\"Gestor\u00eda de tr\u00e1fico en Barcelona - Guasch i Associats\" \/>\n<meta property=\"og:description\" content=\"Gestor\u00eda de tr\u00e1fico en Barcelona especialista en la tramitaci\u00f3n y expedici\u00f3n de documentos relacionados con la Direcci\u00f3n General de tr\u00e1fico.\" \/>\n<meta property=\"og:url\" content=\"https:\/\/gestoriaguasch.cat\/en\/services\/traffic-management-in-barcelona\/\" \/>\n<meta property=\"og:site_name\" content=\"Gestor&iacute;a Guasch i Associats\" \/>\n<meta property=\"article:modified_time\" content=\"2025-02-26T08:03:44+00:00\" \/>\n<meta property=\"og:image\" content=\"https:\/\/gestoriaguasch.cat\/wp-content\/uploads\/2022\/10\/gestoria-guasch-traffic01.png\" \/>\n\t<meta property=\"og:image:width\" content=\"798\" \/>\n\t<meta property=\"og:image:height\" content=\"698\" \/>\n\t<meta property=\"og:image:type\" content=\"image\/png\" \/>\n<meta name=\"twitter:card\" content=\"summary_large_image\" \/>\n<meta name=\"twitter:label1\" content=\"Est. reading time\" \/>\n\t<meta name=\"twitter:data1\" content=\"4 minutes\" \/>\n<script type=\"application\/ld+json\" class=\"yoast-schema-graph\">{\"@context\":\"https:\\\/\\\/schema.org\",\"@graph\":[{\"@type\":\"WebPage\",\"@id\":\"https:\\\/\\\/gestoriaguasch.cat\\\/en\\\/services\\\/traffic-management-in-barcelona\\\/\",\"url\":\"https:\\\/\\\/gestoriaguasch.cat\\\/en\\\/services\\\/traffic-management-in-barcelona\\\/\",\"name\":\"Gestor\u00eda de tr\u00e1fico en Barcelona - Guasch i Associats\",\"isPartOf\":{\"@id\":\"https:\\\/\\\/gestoriaguasch.cat\\\/en\\\/#website\"},\"primaryImageOfPage\":{\"@id\":\"https:\\\/\\\/gestoriaguasch.cat\\\/en\\\/services\\\/traffic-management-in-barcelona\\\/#primaryimage\"},\"image\":{\"@id\":\"https:\\\/\\\/gestoriaguasch.cat\\\/en\\\/services\\\/traffic-management-in-barcelona\\\/#primaryimage\"},\"thumbnailUrl\":\"https:\\\/\\\/gestoriaguasch.cat\\\/wp-content\\\/uploads\\\/2022\\\/10\\\/gestoria-guasch-traffic01.png\",\"datePublished\":\"2016-07-11T14:54:03+00:00\",\"dateModified\":\"2025-02-26T08:03:44+00:00\",\"description\":\"Gestor\u00eda de tr\u00e1fico en Barcelona especialista en la tramitaci\u00f3n y expedici\u00f3n de documentos relacionados con la Direcci\u00f3n General de tr\u00e1fico.\",\"breadcrumb\":{\"@id\":\"https:\\\/\\\/gestoriaguasch.cat\\\/en\\\/services\\\/traffic-management-in-barcelona\\\/#breadcrumb\"},\"inLanguage\":\"en-US\",\"potentialAction\":[{\"@type\":\"ReadAction\",\"target\":[\"https:\\\/\\\/gestoriaguasch.cat\\\/en\\\/services\\\/traffic-management-in-barcelona\\\/\"]}]},{\"@type\":\"ImageObject\",\"inLanguage\":\"en-US\",\"@id\":\"https:\\\/\\\/gestoriaguasch.cat\\\/en\\\/services\\\/traffic-management-in-barcelona\\\/#primaryimage\",\"url\":\"https:\\\/\\\/gestoriaguasch.cat\\\/wp-content\\\/uploads\\\/2022\\\/10\\\/gestoria-guasch-traffic01.png\",\"contentUrl\":\"https:\\\/\\\/gestoriaguasch.cat\\\/wp-content\\\/uploads\\\/2022\\\/10\\\/gestoria-guasch-traffic01.png\",\"width\":798,\"height\":698,\"caption\":\"gestor\u00eda de tr\u00e1fico en barcelona\"},{\"@type\":\"BreadcrumbList\",\"@id\":\"https:\\\/\\\/gestoriaguasch.cat\\\/en\\\/services\\\/traffic-management-in-barcelona\\\/#breadcrumb\",\"itemListElement\":[{\"@type\":\"ListItem\",\"position\":1,\"name\":\"Inicio\",\"item\":\"https:\\\/\\\/gestoriaguasch.cat\\\/en\\\/\"},{\"@type\":\"ListItem\",\"position\":2,\"name\":\"Services\",\"item\":\"https:\\\/\\\/gestoriaguasch.cat\\\/en\\\/services\\\/\"},{\"@type\":\"ListItem\",\"position\":3,\"name\":\"Traffic management in Barcelona\"}]},{\"@type\":\"WebSite\",\"@id\":\"https:\\\/\\\/gestoriaguasch.cat\\\/en\\\/#website\",\"url\":\"https:\\\/\\\/gestoriaguasch.cat\\\/en\\\/\",\"name\":\"Gestor\u00eda Guash i associats\",\"description\":\"Tu gestor&iacute;a de tr&aacute;fico en Barcelona\",\"publisher\":{\"@id\":\"https:\\\/\\\/gestoriaguasch.cat\\\/en\\\/#organization\"},\"alternateName\":\"Gestor\u00eda Guash\",\"potentialAction\":[{\"@type\":\"SearchAction\",\"target\":{\"@type\":\"EntryPoint\",\"urlTemplate\":\"https:\\\/\\\/gestoriaguasch.cat\\\/en\\\/?s={search_term_string}\"},\"query-input\":{\"@type\":\"PropertyValueSpecification\",\"valueRequired\":true,\"valueName\":\"search_term_string\"}}],\"inLanguage\":\"en-US\"},{\"@type\":\"Organization\",\"@id\":\"https:\\\/\\\/gestoriaguasch.cat\\\/en\\\/#organization\",\"name\":\"Gestor\u00eda Guasch i Associats\",\"url\":\"https:\\\/\\\/gestoriaguasch.cat\\\/en\\\/\",\"logo\":{\"@type\":\"ImageObject\",\"inLanguage\":\"en-US\",\"@id\":\"https:\\\/\\\/gestoriaguasch.cat\\\/en\\\/#\\\/schema\\\/logo\\\/image\\\/\",\"url\":\"https:\\\/\\\/gestoriaguasch.cat\\\/wp-content\\\/uploads\\\/2022\\\/10\\\/cropped-ico-gestoria-Guash.png\",\"contentUrl\":\"https:\\\/\\\/gestoriaguasch.cat\\\/wp-content\\\/uploads\\\/2022\\\/10\\\/cropped-ico-gestoria-Guash.png\",\"width\":512,\"height\":512,\"caption\":\"Gestor\u00eda Guasch i Associats\"},\"image\":{\"@id\":\"https:\\\/\\\/gestoriaguasch.cat\\\/en\\\/#\\\/schema\\\/logo\\\/image\\\/\"}}]}<\/script>\n<!-- \/ Yoast SEO plugin. -->","yoast_head_json":{"title":"Gestor\u00eda de tr\u00e1fico en Barcelona - Guasch i Associats","description":"Gestor\u00eda de tr\u00e1fico en Barcelona especialista en la tramitaci\u00f3n y expedici\u00f3n de documentos relacionados con la Direcci\u00f3n General de tr\u00e1fico.","robots":{"index":"index","follow":"follow","max-snippet":"max-snippet:-1","max-image-preview":"max-image-preview:large","max-video-preview":"max-video-preview:-1"},"canonical":"https:\/\/gestoriaguasch.cat\/en\/services\/traffic-management-in-barcelona\/","og_locale":"en_US","og_type":"article","og_title":"Gestor\u00eda de tr\u00e1fico en Barcelona - Guasch i Associats","og_description":"Gestor\u00eda de tr\u00e1fico en Barcelona especialista en la tramitaci\u00f3n y expedici\u00f3n de documentos relacionados con la Direcci\u00f3n General de tr\u00e1fico.","og_url":"https:\/\/gestoriaguasch.cat\/en\/services\/traffic-management-in-barcelona\/","og_site_name":"Gestor&iacute;a Guasch i Associats","article_modified_time":"2025-02-26T08:03:44+00:00","og_image":[{"width":798,"height":698,"url":"https:\/\/gestoriaguasch.cat\/wp-content\/uploads\/2022\/10\/gestoria-guasch-traffic01.png","type":"image\/png"}],"twitter_card":"summary_large_image","twitter_misc":{"Est. reading time":"4 minutes"},"schema":{"@context":"https:\/\/schema.org","@graph":[{"@type":"WebPage","@id":"https:\/\/gestoriaguasch.cat\/en\/services\/traffic-management-in-barcelona\/","url":"https:\/\/gestoriaguasch.cat\/en\/services\/traffic-management-in-barcelona\/","name":"Gestor\u00eda de tr\u00e1fico en Barcelona - Guasch i Associats","isPartOf":{"@id":"https:\/\/gestoriaguasch.cat\/en\/#website"},"primaryImageOfPage":{"@id":"https:\/\/gestoriaguasch.cat\/en\/services\/traffic-management-in-barcelona\/#primaryimage"},"image":{"@id":"https:\/\/gestoriaguasch.cat\/en\/services\/traffic-management-in-barcelona\/#primaryimage"},"thumbnailUrl":"https:\/\/gestoriaguasch.cat\/wp-content\/uploads\/2022\/10\/gestoria-guasch-traffic01.png","datePublished":"2016-07-11T14:54:03+00:00","dateModified":"2025-02-26T08:03:44+00:00","description":"Gestor\u00eda de tr\u00e1fico en Barcelona especialista en la tramitaci\u00f3n y expedici\u00f3n de documentos relacionados con la Direcci\u00f3n General de tr\u00e1fico.","breadcrumb":{"@id":"https:\/\/gestoriaguasch.cat\/en\/services\/traffic-management-in-barcelona\/#breadcrumb"},"inLanguage":"en-US","potentialAction":[{"@type":"ReadAction","target":["https:\/\/gestoriaguasch.cat\/en\/services\/traffic-management-in-barcelona\/"]}]},{"@type":"ImageObject","inLanguage":"en-US","@id":"https:\/\/gestoriaguasch.cat\/en\/services\/traffic-management-in-barcelona\/#primaryimage","url":"https:\/\/gestoriaguasch.cat\/wp-content\/uploads\/2022\/10\/gestoria-guasch-traffic01.png","contentUrl":"https:\/\/gestoriaguasch.cat\/wp-content\/uploads\/2022\/10\/gestoria-guasch-traffic01.png","width":798,"height":698,"caption":"gestor\u00eda de tr\u00e1fico en barcelona"},{"@type":"BreadcrumbList","@id":"https:\/\/gestoriaguasch.cat\/en\/services\/traffic-management-in-barcelona\/#breadcrumb","itemListElement":[{"@type":"ListItem","position":1,"name":"Inicio","item":"https:\/\/gestoriaguasch.cat\/en\/"},{"@type":"ListItem","position":2,"name":"Services","item":"https:\/\/gestoriaguasch.cat\/en\/services\/"},{"@type":"ListItem","position":3,"name":"Traffic management in Barcelona"}]},{"@type":"WebSite","@id":"https:\/\/gestoriaguasch.cat\/en\/#website","url":"https:\/\/gestoriaguasch.cat\/en\/","name":"Gestor\u00eda Guash i associats","description":"Tu gestor&iacute;a de tr&aacute;fico en Barcelona","publisher":{"@id":"https:\/\/gestoriaguasch.cat\/en\/#organization"},"alternateName":"Gestor\u00eda Guash","potentialAction":[{"@type":"SearchAction","target":{"@type":"EntryPoint","urlTemplate":"https:\/\/gestoriaguasch.cat\/en\/?s={search_term_string}"},"query-input":{"@type":"PropertyValueSpecification","valueRequired":true,"valueName":"search_term_string"}}],"inLanguage":"en-US"},{"@type":"Organization","@id":"https:\/\/gestoriaguasch.cat\/en\/#organization","name":"Gestor\u00eda Guasch i Associats","url":"https:\/\/gestoriaguasch.cat\/en\/","logo":{"@type":"ImageObject","inLanguage":"en-US","@id":"https:\/\/gestoriaguasch.cat\/en\/#\/schema\/logo\/image\/","url":"https:\/\/gestoriaguasch.cat\/wp-content\/uploads\/2022\/10\/cropped-ico-gestoria-Guash.png","contentUrl":"https:\/\/gestoriaguasch.cat\/wp-content\/uploads\/2022\/10\/cropped-ico-gestoria-Guash.png","width":512,"height":512,"caption":"Gestor\u00eda Guasch i Associats"},"image":{"@id":"https:\/\/gestoriaguasch.cat\/en\/#\/schema\/logo\/image\/"}}]}},"_links":{"self":[{"href":"https:\/\/gestoriaguasch.cat\/en\/wp-json\/wp\/v2\/pages\/3481","targetHints":{"allow":["GET"]}}],"collection":[{"href":"https:\/\/gestoriaguasch.cat\/en\/wp-json\/wp\/v2\/pages"}],"about":[{"href":"https:\/\/gestoriaguasch.cat\/en\/wp-json\/wp\/v2\/types\/page"}],"author":[{"embeddable":true,"href":"https:\/\/gestoriaguasch.cat\/en\/wp-json\/wp\/v2\/users\/1"}],"replies":[{"embeddable":true,"href":"https:\/\/gestoriaguasch.cat\/en\/wp-json\/wp\/v2\/comments?post=3481"}],"version-history":[{"count":5,"href":"https:\/\/gestoriaguasch.cat\/en\/wp-json\/wp\/v2\/pages\/3481\/revisions"}],"predecessor-version":[{"id":3887,"href":"https:\/\/gestoriaguasch.cat\/en\/wp-json\/wp\/v2\/pages\/3481\/revisions\/3887"}],"up":[{"embeddable":true,"href":"https:\/\/gestoriaguasch.cat\/en\/wp-json\/wp\/v2\/pages\/2659"}],"wp:featuredmedia":[{"embeddable":true,"href":"https:\/\/gestoriaguasch.cat\/en\/wp-json\/wp\/v2\/media\/2630"}],"wp:attachment":[{"href":"https:\/\/gestoriaguasch.cat\/en\/wp-json\/wp\/v2\/media?parent=3481"}],"curies":[{"name":"wp","href":"https:\/\/api.w.org\/{rel}","templated":true}]}}