{"id":3483,"date":"2016-07-11T14:57:39","date_gmt":"2016-07-11T14:57:39","guid":{"rendered":"https:\/\/gestoriaguasch.cat\/wgu22\/services\/gestoria-fiscal-y-contable-barcelona\/"},"modified":"2022-11-16T18:55:49","modified_gmt":"2022-11-16T18:55:49","slug":"tax-and-accounting-management","status":"publish","type":"page","link":"https:\/\/gestoriaguasch.cat\/en\/services\/tax-and-accounting-management\/","title":{"rendered":"Tax and accounting management"},"content":{"rendered":"\n<h2 class=\"wp-block-heading\"><strong>Tax and accounting agency in Barcelona that offers customized solutions for both companies and freelancers<\/strong><\/h2>\n\n\n\n<div class=\"wp-block-media-text alignwide has-media-on-the-right is-stacked-on-mobile\" style=\"grid-template-columns:auto 48%\"><div class=\"wp -block-media-text__content\">\n\n<p>Our comprehensive services include both advice and management of all your <strong>fiscal, administrative and legal obligations.<\/strong> We put our extensive experience in the sector at the service of our clients. Our team is made up of highly qualified personnel with experience in the financial audit sector and in the tax field.<\/p>\n\n<\/div><figure class=\"wp-block-media-text__media\"><img loading=\"lazy\" decoding=\"async\" width=\"793\" height=\"807\" src=\"https:\/\/gestoriaguasch.cat\/wgu22\/wp-content\/ uploads\/2022\/10\/gestoria-guasch-office03.png\" alt=\"\" class=\"wp-image-2247 size-full\" srcset=\"https:\/\/gestoriaguasch.cat\/wp-content\/uploads\/2022\/10\/gestoria-guasch-office03.png 793w, https:\/\/gestoriaguasch.cat\/wp-content\/uploads\/2022\/10\/gestoria-guasch-office03-295x300.png 295w, https:\/\/gestoriaguasch.cat\/wp-content\/uploads\/2022\/10\/gestoria-guasch-office03-768x782.png 768w\" sizes=\"auto, (max-width: 793px) 100vw, 793px\" \/><\/figure><\/div>\n\n\n\n<h3 class=\"wp-block-heading\">Tax advice<\/h3>\n\n\n\n<p>You don&#8217;t need to know all the complex tax regulations. Guasch Management advises you and processes all your&nbsp;tax obligations:<\/p>\n\n\n\n<ul class=\"wp-block-list\">\n<li>Quarterly personal income tax return (forms 130\/131)<\/li>\n\n\n\n<li>Quarterly VAT declaration (models 303\/310)<\/li>\n\n\n\n<li>Income declaration (model 100)<\/li>\n\n\n\n<li>Withholdings for the lease of urban properties (model 115)<\/li>\n\n\n\n<li>Withholdings from work and economic activities (model 111)<\/li>\n\n\n\n<li>Annual declaration of operations with third parties (model 347)<\/li>\n\n\n\n<li>Annual VAT summary (form 390)<\/li>\n\n\n\n<li>Annual summary of real estate rental withholdings (model 180)<\/li>\n\n\n\n<li>Annual summary of withholdings for work and activities (model 190)<\/li>\n<\/ul>\n\n\n\n<h3 class=\"wp-block-heading\">Accounting advice<\/h3>\n\n\n\n<p>We take care of updating the accounting of your company or business, we provide technical support in the accounting of operations and we analyze and review financial statements.<\/p>\n\n\n\n<ul class=\"wp-block-list\">\n<li>Preparation of accounts <\/li>\n\n\n\n<li>Preparation of Annual Accounts and deposit in the Mercantile Registry<\/li>\n\n\n\n<li>Preparation&nbsp;of tax records&nbsp;books<\/li>\n\n\n\n<li>Preparation of financial reports<\/li>\n<\/ul>\n\n\n\n<h3 class=\"wp-block-heading\">Management for freelancers<\/h3>\n\n\n\n<p>Are you thinking of going self-employed\/freelance? We help you with all the procedures to register as a self-employed person and to comply with all your tax obligations. We guide you on which <strong>tax regime may be most advantageous for you<\/strong> and we help you to start up your business. We take care of drafting the bylaws, articles of incorporation or private contract, registration procedures in the Tax Agency, Social Security, and Mercantile Registry.<\/p>\n\n\n\n<h3 class=\"block-mas-info wp-block-heading\" style=\"font-style:normal;font-weight:500\">Request more information through the form or call us at 933 939 718<\/h3>\n","protected":false},"excerpt":{"rendered":"<p>Tax and accounting agency in Barcelona that offers customized solutions for both companies and freelancers Our comprehensive services include both advice and management of all your fiscal, administrative and legal obligations. We put our extensive experience in the sector at the service of our clients. Our team is made up of highly qualified personnel with [&hellip;]<\/p>\n","protected":false},"author":1,"featured_media":2628,"parent":2659,"menu_order":0,"comment_status":"closed","ping_status":"closed","template":"","meta":{"_acf_changed":false,"inline_featured_image":false,"footnotes":""},"class_list":["post-3483","page","type-page","status-publish","has-post-thumbnail","hentry"],"acf":[],"yoast_head":"<!-- This site is optimized with the Yoast SEO plugin v27.6 - https:\/\/yoast.com\/product\/yoast-seo-wordpress\/ -->\n<title>Gestor\u00eda fiscal y contable en Barcelona - Gestoria Guasch i Associats<\/title>\n<meta name=\"description\" content=\"Gestor\u00eda fiscal y contable en Barcelona. Servicio especializado tanto para empresas como aut\u00f3nomos. Nuestra gran experiencia le asegura un servicio calidad.\" \/>\n<meta name=\"robots\" content=\"index, follow, max-snippet:-1, max-image-preview:large, max-video-preview:-1\" \/>\n<link rel=\"canonical\" href=\"https:\/\/gestoriaguasch.cat\/en\/services\/tax-and-accounting-management\/\" \/>\n<meta property=\"og:locale\" content=\"en_US\" \/>\n<meta property=\"og:type\" content=\"article\" \/>\n<meta property=\"og:title\" content=\"Gestor\u00eda fiscal y contable en Barcelona - Gestoria Guasch i Associats\" \/>\n<meta property=\"og:description\" content=\"Gestor\u00eda fiscal y contable en Barcelona. Servicio especializado tanto para empresas como aut\u00f3nomos. Nuestra gran experiencia le asegura un servicio calidad.\" \/>\n<meta property=\"og:url\" content=\"https:\/\/gestoriaguasch.cat\/en\/services\/tax-and-accounting-management\/\" \/>\n<meta property=\"og:site_name\" content=\"Gestor&iacute;a Guasch i Associats\" \/>\n<meta property=\"article:modified_time\" content=\"2022-11-16T18:55:49+00:00\" \/>\n<meta name=\"twitter:card\" content=\"summary_large_image\" \/>\n<script type=\"application\/ld+json\" class=\"yoast-schema-graph\">{\"@context\":\"https:\\\/\\\/schema.org\",\"@graph\":[{\"@type\":\"WebPage\",\"@id\":\"https:\\\/\\\/gestoriaguasch.cat\\\/en\\\/services\\\/tax-and-accounting-management\\\/\",\"url\":\"https:\\\/\\\/gestoriaguasch.cat\\\/en\\\/services\\\/tax-and-accounting-management\\\/\",\"name\":\"Gestor\u00eda fiscal y contable en Barcelona - Gestoria Guasch i Associats\",\"isPartOf\":{\"@id\":\"https:\\\/\\\/gestoriaguasch.cat\\\/en\\\/#website\"},\"primaryImageOfPage\":{\"@id\":\"https:\\\/\\\/gestoriaguasch.cat\\\/en\\\/services\\\/tax-and-accounting-management\\\/#primaryimage\"},\"image\":{\"@id\":\"https:\\\/\\\/gestoriaguasch.cat\\\/en\\\/services\\\/tax-and-accounting-management\\\/#primaryimage\"},\"thumbnailUrl\":\"https:\\\/\\\/gestoriaguasch.cat\\\/wp-content\\\/uploads\\\/2022\\\/10\\\/gestoria-guasch-office02.png\",\"datePublished\":\"2016-07-11T14:57:39+00:00\",\"dateModified\":\"2022-11-16T18:55:49+00:00\",\"description\":\"Gestor\u00eda fiscal y contable en Barcelona. Servicio especializado tanto para empresas como aut\u00f3nomos. Nuestra gran experiencia le asegura un servicio calidad.\",\"breadcrumb\":{\"@id\":\"https:\\\/\\\/gestoriaguasch.cat\\\/en\\\/services\\\/tax-and-accounting-management\\\/#breadcrumb\"},\"inLanguage\":\"en-US\",\"potentialAction\":[{\"@type\":\"ReadAction\",\"target\":[\"https:\\\/\\\/gestoriaguasch.cat\\\/en\\\/services\\\/tax-and-accounting-management\\\/\"]}]},{\"@type\":\"ImageObject\",\"inLanguage\":\"en-US\",\"@id\":\"https:\\\/\\\/gestoriaguasch.cat\\\/en\\\/services\\\/tax-and-accounting-management\\\/#primaryimage\",\"url\":\"https:\\\/\\\/gestoriaguasch.cat\\\/wp-content\\\/uploads\\\/2022\\\/10\\\/gestoria-guasch-office02.png\",\"contentUrl\":\"https:\\\/\\\/gestoriaguasch.cat\\\/wp-content\\\/uploads\\\/2022\\\/10\\\/gestoria-guasch-office02.png\",\"width\":400,\"height\":400,\"caption\":\"gestor\u00eda fiscal y contable en barcelona\"},{\"@type\":\"BreadcrumbList\",\"@id\":\"https:\\\/\\\/gestoriaguasch.cat\\\/en\\\/services\\\/tax-and-accounting-management\\\/#breadcrumb\",\"itemListElement\":[{\"@type\":\"ListItem\",\"position\":1,\"name\":\"Inicio\",\"item\":\"https:\\\/\\\/gestoriaguasch.cat\\\/en\\\/\"},{\"@type\":\"ListItem\",\"position\":2,\"name\":\"Services\",\"item\":\"https:\\\/\\\/gestoriaguasch.cat\\\/en\\\/services\\\/\"},{\"@type\":\"ListItem\",\"position\":3,\"name\":\"Tax and accounting management\"}]},{\"@type\":\"WebSite\",\"@id\":\"https:\\\/\\\/gestoriaguasch.cat\\\/en\\\/#website\",\"url\":\"https:\\\/\\\/gestoriaguasch.cat\\\/en\\\/\",\"name\":\"Gestor\u00eda Guash i associats\",\"description\":\"Tu gestor&iacute;a de tr&aacute;fico en Barcelona\",\"publisher\":{\"@id\":\"https:\\\/\\\/gestoriaguasch.cat\\\/en\\\/#organization\"},\"alternateName\":\"Gestor\u00eda Guash\",\"potentialAction\":[{\"@type\":\"SearchAction\",\"target\":{\"@type\":\"EntryPoint\",\"urlTemplate\":\"https:\\\/\\\/gestoriaguasch.cat\\\/en\\\/?s={search_term_string}\"},\"query-input\":{\"@type\":\"PropertyValueSpecification\",\"valueRequired\":true,\"valueName\":\"search_term_string\"}}],\"inLanguage\":\"en-US\"},{\"@type\":\"Organization\",\"@id\":\"https:\\\/\\\/gestoriaguasch.cat\\\/en\\\/#organization\",\"name\":\"Gestor\u00eda Guasch i Associats\",\"url\":\"https:\\\/\\\/gestoriaguasch.cat\\\/en\\\/\",\"logo\":{\"@type\":\"ImageObject\",\"inLanguage\":\"en-US\",\"@id\":\"https:\\\/\\\/gestoriaguasch.cat\\\/en\\\/#\\\/schema\\\/logo\\\/image\\\/\",\"url\":\"https:\\\/\\\/gestoriaguasch.cat\\\/wp-content\\\/uploads\\\/2022\\\/10\\\/cropped-ico-gestoria-Guash.png\",\"contentUrl\":\"https:\\\/\\\/gestoriaguasch.cat\\\/wp-content\\\/uploads\\\/2022\\\/10\\\/cropped-ico-gestoria-Guash.png\",\"width\":512,\"height\":512,\"caption\":\"Gestor\u00eda Guasch i Associats\"},\"image\":{\"@id\":\"https:\\\/\\\/gestoriaguasch.cat\\\/en\\\/#\\\/schema\\\/logo\\\/image\\\/\"}}]}<\/script>\n<!-- \/ Yoast SEO plugin. -->","yoast_head_json":{"title":"Gestor\u00eda fiscal y contable en Barcelona - Gestoria Guasch i Associats","description":"Gestor\u00eda fiscal y contable en Barcelona. Servicio especializado tanto para empresas como aut\u00f3nomos. Nuestra gran experiencia le asegura un servicio calidad.","robots":{"index":"index","follow":"follow","max-snippet":"max-snippet:-1","max-image-preview":"max-image-preview:large","max-video-preview":"max-video-preview:-1"},"canonical":"https:\/\/gestoriaguasch.cat\/en\/services\/tax-and-accounting-management\/","og_locale":"en_US","og_type":"article","og_title":"Gestor\u00eda fiscal y contable en Barcelona - Gestoria Guasch i Associats","og_description":"Gestor\u00eda fiscal y contable en Barcelona. Servicio especializado tanto para empresas como aut\u00f3nomos. Nuestra gran experiencia le asegura un servicio calidad.","og_url":"https:\/\/gestoriaguasch.cat\/en\/services\/tax-and-accounting-management\/","og_site_name":"Gestor&iacute;a Guasch i Associats","article_modified_time":"2022-11-16T18:55:49+00:00","twitter_card":"summary_large_image","schema":{"@context":"https:\/\/schema.org","@graph":[{"@type":"WebPage","@id":"https:\/\/gestoriaguasch.cat\/en\/services\/tax-and-accounting-management\/","url":"https:\/\/gestoriaguasch.cat\/en\/services\/tax-and-accounting-management\/","name":"Gestor\u00eda fiscal y contable en Barcelona - Gestoria Guasch i Associats","isPartOf":{"@id":"https:\/\/gestoriaguasch.cat\/en\/#website"},"primaryImageOfPage":{"@id":"https:\/\/gestoriaguasch.cat\/en\/services\/tax-and-accounting-management\/#primaryimage"},"image":{"@id":"https:\/\/gestoriaguasch.cat\/en\/services\/tax-and-accounting-management\/#primaryimage"},"thumbnailUrl":"https:\/\/gestoriaguasch.cat\/wp-content\/uploads\/2022\/10\/gestoria-guasch-office02.png","datePublished":"2016-07-11T14:57:39+00:00","dateModified":"2022-11-16T18:55:49+00:00","description":"Gestor\u00eda fiscal y contable en Barcelona. Servicio especializado tanto para empresas como aut\u00f3nomos. Nuestra gran experiencia le asegura un servicio calidad.","breadcrumb":{"@id":"https:\/\/gestoriaguasch.cat\/en\/services\/tax-and-accounting-management\/#breadcrumb"},"inLanguage":"en-US","potentialAction":[{"@type":"ReadAction","target":["https:\/\/gestoriaguasch.cat\/en\/services\/tax-and-accounting-management\/"]}]},{"@type":"ImageObject","inLanguage":"en-US","@id":"https:\/\/gestoriaguasch.cat\/en\/services\/tax-and-accounting-management\/#primaryimage","url":"https:\/\/gestoriaguasch.cat\/wp-content\/uploads\/2022\/10\/gestoria-guasch-office02.png","contentUrl":"https:\/\/gestoriaguasch.cat\/wp-content\/uploads\/2022\/10\/gestoria-guasch-office02.png","width":400,"height":400,"caption":"gestor\u00eda fiscal y contable en barcelona"},{"@type":"BreadcrumbList","@id":"https:\/\/gestoriaguasch.cat\/en\/services\/tax-and-accounting-management\/#breadcrumb","itemListElement":[{"@type":"ListItem","position":1,"name":"Inicio","item":"https:\/\/gestoriaguasch.cat\/en\/"},{"@type":"ListItem","position":2,"name":"Services","item":"https:\/\/gestoriaguasch.cat\/en\/services\/"},{"@type":"ListItem","position":3,"name":"Tax and accounting management"}]},{"@type":"WebSite","@id":"https:\/\/gestoriaguasch.cat\/en\/#website","url":"https:\/\/gestoriaguasch.cat\/en\/","name":"Gestor\u00eda Guash i associats","description":"Tu gestor&iacute;a de tr&aacute;fico en Barcelona","publisher":{"@id":"https:\/\/gestoriaguasch.cat\/en\/#organization"},"alternateName":"Gestor\u00eda Guash","potentialAction":[{"@type":"SearchAction","target":{"@type":"EntryPoint","urlTemplate":"https:\/\/gestoriaguasch.cat\/en\/?s={search_term_string}"},"query-input":{"@type":"PropertyValueSpecification","valueRequired":true,"valueName":"search_term_string"}}],"inLanguage":"en-US"},{"@type":"Organization","@id":"https:\/\/gestoriaguasch.cat\/en\/#organization","name":"Gestor\u00eda Guasch i Associats","url":"https:\/\/gestoriaguasch.cat\/en\/","logo":{"@type":"ImageObject","inLanguage":"en-US","@id":"https:\/\/gestoriaguasch.cat\/en\/#\/schema\/logo\/image\/","url":"https:\/\/gestoriaguasch.cat\/wp-content\/uploads\/2022\/10\/cropped-ico-gestoria-Guash.png","contentUrl":"https:\/\/gestoriaguasch.cat\/wp-content\/uploads\/2022\/10\/cropped-ico-gestoria-Guash.png","width":512,"height":512,"caption":"Gestor\u00eda Guasch i Associats"},"image":{"@id":"https:\/\/gestoriaguasch.cat\/en\/#\/schema\/logo\/image\/"}}]}},"_links":{"self":[{"href":"https:\/\/gestoriaguasch.cat\/en\/wp-json\/wp\/v2\/pages\/3483","targetHints":{"allow":["GET"]}}],"collection":[{"href":"https:\/\/gestoriaguasch.cat\/en\/wp-json\/wp\/v2\/pages"}],"about":[{"href":"https:\/\/gestoriaguasch.cat\/en\/wp-json\/wp\/v2\/types\/page"}],"author":[{"embeddable":true,"href":"https:\/\/gestoriaguasch.cat\/en\/wp-json\/wp\/v2\/users\/1"}],"replies":[{"embeddable":true,"href":"https:\/\/gestoriaguasch.cat\/en\/wp-json\/wp\/v2\/comments?post=3483"}],"version-history":[{"count":0,"href":"https:\/\/gestoriaguasch.cat\/en\/wp-json\/wp\/v2\/pages\/3483\/revisions"}],"up":[{"embeddable":true,"href":"https:\/\/gestoriaguasch.cat\/en\/wp-json\/wp\/v2\/pages\/2659"}],"wp:featuredmedia":[{"embeddable":true,"href":"https:\/\/gestoriaguasch.cat\/en\/wp-json\/wp\/v2\/media\/2628"}],"wp:attachment":[{"href":"https:\/\/gestoriaguasch.cat\/en\/wp-json\/wp\/v2\/media?parent=3483"}],"curies":[{"name":"wp","href":"https:\/\/api.w.org\/{rel}","templated":true}]}}