{"id":3492,"date":"2016-07-15T17:29:58","date_gmt":"2016-07-15T17:29:58","guid":{"rendered":"https:\/\/gestoriaguasch.cat\/wgu22\/services\/extranjeria\/"},"modified":"2022-11-16T18:56:07","modified_gmt":"2022-11-16T18:56:07","slug":"foreigner","status":"publish","type":"page","link":"https:\/\/gestoriaguasch.cat\/en\/services\/foreigner\/","title":{"rendered":"Foreigner"},"content":{"rendered":"\n<h2 class=\"wp-block-heading\">Immigration procedures in Barcelona<\/h2>\n\n\n\n<p>At Gestor\u00eda Guasch we take care of all the procedures:<\/p>\n\n\n\n<ul class=\"wp-block-list\">\n<li>Obtaining a NIE (Foreigner Identity Number)<\/li>\n\n\n\n<li>Residence and work<\/li>\n\n\n\n<li>Rooting<\/li>\n\n\n\n<li>Family reunification<\/li>\n\n\n\n<li>Work authorizations<\/li>\n\n\n\n<li>Nationality<\/li>\n<\/ul>\n\n\n\n<h3 class=\"wp-block-heading\">Foreign procedures: community citizens<\/h3>\n\n\n\n<p>Aid for citizens and family members of citizens of member countries of the European Union, member states of the Agreement on the European Economic Area (Iceland, Liechtenstein and Norway) and Switzerland.<\/p>\n\n\n\n<h3 class=\"wp-block-heading\">Foreign procedures: non-EU citizens<\/h3>\n\n\n\n<ul class=\"wp-block-list\">\n<li>Stay in Spain: Permanence in Spain for a period of no more than 90 days (except in the case of studies, labor practices or volunteering).<\/li>\n\n\n\n<li>Temporary residence: Residence in Spain without carrying out work activity.<\/li>\n\n\n\n<li>Family reunification.<\/li>\n\n\n\n<li>Reside and work in Spain.<\/li>\n\n\n\n<li>Students, stay for research or training, student mobility, non-work placements and volunteering.<\/li>\n\n\n\n<li>Residence authorizations for exceptional circumstances: cases of rooting, humanitarian reasons, minors under guardianship who reach the age of majority without authorization and authorizations for women victims of gender violence.<\/li>\n\n\n\n<li>Temporary residence of the foreigner who has voluntarily returned to his country.<\/li>\n\n\n\n<li>Modify an authorization. Information on authorization modifications.<\/li>\n\n\n\n<li>Long-term residence: Authorizes to reside in Spain indefinitely and to work on equal terms with Spaniards.<\/li>\n\n\n\n<li>Return authorization: Allows departure from Spain and return within a period not exceeding 90 days.<\/li>\n<\/ul>\n\n\n\n<p>Contact us if you need more information about immigration procedures.<\/p>\n\n\n\n<h3 class=\"block-mas-info wp-block-heading\" style=\"font-style:normal;font-weight:500\">Request more information through the form or call us at 933 939 718<\/h3>\n","protected":false},"excerpt":{"rendered":"<p>Immigration procedures in Barcelona At Gestor\u00eda Guasch we take care of all the procedures: Foreign procedures: community citizens Aid for citizens and family members of citizens of member countries of the European Union, member states of the Agreement on the European Economic Area (Iceland, Liechtenstein and Norway) and Switzerland. Foreign procedures: non-EU citizens Contact us [&hellip;]<\/p>\n","protected":false},"author":1,"featured_media":0,"parent":2659,"menu_order":2,"comment_status":"closed","ping_status":"closed","template":"","meta":{"_acf_changed":false,"inline_featured_image":false,"footnotes":""},"class_list":["post-3492","page","type-page","status-publish","hentry"],"acf":[],"yoast_head":"<!-- This site is optimized with the Yoast SEO plugin v27.6 - https:\/\/yoast.com\/product\/yoast-seo-wordpress\/ -->\n<title>Extranjeria tr\u00e1mites - Gestoria Guasch i Associtats<\/title>\n<meta name=\"description\" content=\"\u00bfNecesitas ayuda con los tr\u00e1mites de extranjer\u00eda en Barcelona?. En Gestor\u00eda Guasch nos encargamos de todos los tr\u00e1mites: residencia, arraigo, reagrupaci\u00f3n ..\" \/>\n<meta name=\"robots\" content=\"index, follow, max-snippet:-1, max-image-preview:large, max-video-preview:-1\" \/>\n<link rel=\"canonical\" href=\"https:\/\/gestoriaguasch.cat\/en\/services\/foreigner\/\" \/>\n<meta property=\"og:locale\" content=\"en_US\" \/>\n<meta property=\"og:type\" content=\"article\" \/>\n<meta property=\"og:title\" content=\"Extranjeria tr\u00e1mites - Gestoria Guasch i Associtats\" \/>\n<meta property=\"og:description\" content=\"\u00bfNecesitas ayuda con los tr\u00e1mites de extranjer\u00eda en Barcelona?. En Gestor\u00eda Guasch nos encargamos de todos los tr\u00e1mites: residencia, arraigo, reagrupaci\u00f3n ..\" \/>\n<meta property=\"og:url\" content=\"https:\/\/gestoriaguasch.cat\/en\/services\/foreigner\/\" \/>\n<meta property=\"og:site_name\" content=\"Gestor&iacute;a Guasch i Associats\" \/>\n<meta property=\"article:modified_time\" content=\"2022-11-16T18:56:07+00:00\" \/>\n<meta name=\"twitter:card\" content=\"summary_large_image\" \/>\n<meta name=\"twitter:label1\" content=\"Est. reading time\" \/>\n\t<meta name=\"twitter:data1\" content=\"1 minute\" \/>\n<script type=\"application\/ld+json\" class=\"yoast-schema-graph\">{\"@context\":\"https:\\\/\\\/schema.org\",\"@graph\":[{\"@type\":\"WebPage\",\"@id\":\"https:\\\/\\\/gestoriaguasch.cat\\\/en\\\/services\\\/foreigner\\\/\",\"url\":\"https:\\\/\\\/gestoriaguasch.cat\\\/en\\\/services\\\/foreigner\\\/\",\"name\":\"Extranjeria tr\u00e1mites - Gestoria Guasch i Associtats\",\"isPartOf\":{\"@id\":\"https:\\\/\\\/gestoriaguasch.cat\\\/en\\\/#website\"},\"datePublished\":\"2016-07-15T17:29:58+00:00\",\"dateModified\":\"2022-11-16T18:56:07+00:00\",\"description\":\"\u00bfNecesitas ayuda con los tr\u00e1mites de extranjer\u00eda en Barcelona?. En Gestor\u00eda Guasch nos encargamos de todos los tr\u00e1mites: residencia, arraigo, reagrupaci\u00f3n ..\",\"breadcrumb\":{\"@id\":\"https:\\\/\\\/gestoriaguasch.cat\\\/en\\\/services\\\/foreigner\\\/#breadcrumb\"},\"inLanguage\":\"en-US\",\"potentialAction\":[{\"@type\":\"ReadAction\",\"target\":[\"https:\\\/\\\/gestoriaguasch.cat\\\/en\\\/services\\\/foreigner\\\/\"]}]},{\"@type\":\"BreadcrumbList\",\"@id\":\"https:\\\/\\\/gestoriaguasch.cat\\\/en\\\/services\\\/foreigner\\\/#breadcrumb\",\"itemListElement\":[{\"@type\":\"ListItem\",\"position\":1,\"name\":\"Inicio\",\"item\":\"https:\\\/\\\/gestoriaguasch.cat\\\/en\\\/\"},{\"@type\":\"ListItem\",\"position\":2,\"name\":\"Services\",\"item\":\"https:\\\/\\\/gestoriaguasch.cat\\\/en\\\/services\\\/\"},{\"@type\":\"ListItem\",\"position\":3,\"name\":\"Foreigner\"}]},{\"@type\":\"WebSite\",\"@id\":\"https:\\\/\\\/gestoriaguasch.cat\\\/en\\\/#website\",\"url\":\"https:\\\/\\\/gestoriaguasch.cat\\\/en\\\/\",\"name\":\"Gestor\u00eda Guash i associats\",\"description\":\"Tu gestor&iacute;a de tr&aacute;fico en Barcelona\",\"publisher\":{\"@id\":\"https:\\\/\\\/gestoriaguasch.cat\\\/en\\\/#organization\"},\"alternateName\":\"Gestor\u00eda Guash\",\"potentialAction\":[{\"@type\":\"SearchAction\",\"target\":{\"@type\":\"EntryPoint\",\"urlTemplate\":\"https:\\\/\\\/gestoriaguasch.cat\\\/en\\\/?s={search_term_string}\"},\"query-input\":{\"@type\":\"PropertyValueSpecification\",\"valueRequired\":true,\"valueName\":\"search_term_string\"}}],\"inLanguage\":\"en-US\"},{\"@type\":\"Organization\",\"@id\":\"https:\\\/\\\/gestoriaguasch.cat\\\/en\\\/#organization\",\"name\":\"Gestor\u00eda Guasch i Associats\",\"url\":\"https:\\\/\\\/gestoriaguasch.cat\\\/en\\\/\",\"logo\":{\"@type\":\"ImageObject\",\"inLanguage\":\"en-US\",\"@id\":\"https:\\\/\\\/gestoriaguasch.cat\\\/en\\\/#\\\/schema\\\/logo\\\/image\\\/\",\"url\":\"https:\\\/\\\/gestoriaguasch.cat\\\/wp-content\\\/uploads\\\/2022\\\/10\\\/cropped-ico-gestoria-Guash.png\",\"contentUrl\":\"https:\\\/\\\/gestoriaguasch.cat\\\/wp-content\\\/uploads\\\/2022\\\/10\\\/cropped-ico-gestoria-Guash.png\",\"width\":512,\"height\":512,\"caption\":\"Gestor\u00eda Guasch i Associats\"},\"image\":{\"@id\":\"https:\\\/\\\/gestoriaguasch.cat\\\/en\\\/#\\\/schema\\\/logo\\\/image\\\/\"}}]}<\/script>\n<!-- \/ Yoast SEO plugin. -->","yoast_head_json":{"title":"Extranjeria tr\u00e1mites - Gestoria Guasch i Associtats","description":"\u00bfNecesitas ayuda con los tr\u00e1mites de extranjer\u00eda en Barcelona?. En Gestor\u00eda Guasch nos encargamos de todos los tr\u00e1mites: residencia, arraigo, reagrupaci\u00f3n ..","robots":{"index":"index","follow":"follow","max-snippet":"max-snippet:-1","max-image-preview":"max-image-preview:large","max-video-preview":"max-video-preview:-1"},"canonical":"https:\/\/gestoriaguasch.cat\/en\/services\/foreigner\/","og_locale":"en_US","og_type":"article","og_title":"Extranjeria tr\u00e1mites - Gestoria Guasch i Associtats","og_description":"\u00bfNecesitas ayuda con los tr\u00e1mites de extranjer\u00eda en Barcelona?. En Gestor\u00eda Guasch nos encargamos de todos los tr\u00e1mites: residencia, arraigo, reagrupaci\u00f3n ..","og_url":"https:\/\/gestoriaguasch.cat\/en\/services\/foreigner\/","og_site_name":"Gestor&iacute;a Guasch i Associats","article_modified_time":"2022-11-16T18:56:07+00:00","twitter_card":"summary_large_image","twitter_misc":{"Est. reading time":"1 minute"},"schema":{"@context":"https:\/\/schema.org","@graph":[{"@type":"WebPage","@id":"https:\/\/gestoriaguasch.cat\/en\/services\/foreigner\/","url":"https:\/\/gestoriaguasch.cat\/en\/services\/foreigner\/","name":"Extranjeria tr\u00e1mites - Gestoria Guasch i Associtats","isPartOf":{"@id":"https:\/\/gestoriaguasch.cat\/en\/#website"},"datePublished":"2016-07-15T17:29:58+00:00","dateModified":"2022-11-16T18:56:07+00:00","description":"\u00bfNecesitas ayuda con los tr\u00e1mites de extranjer\u00eda en Barcelona?. En Gestor\u00eda Guasch nos encargamos de todos los tr\u00e1mites: residencia, arraigo, reagrupaci\u00f3n ..","breadcrumb":{"@id":"https:\/\/gestoriaguasch.cat\/en\/services\/foreigner\/#breadcrumb"},"inLanguage":"en-US","potentialAction":[{"@type":"ReadAction","target":["https:\/\/gestoriaguasch.cat\/en\/services\/foreigner\/"]}]},{"@type":"BreadcrumbList","@id":"https:\/\/gestoriaguasch.cat\/en\/services\/foreigner\/#breadcrumb","itemListElement":[{"@type":"ListItem","position":1,"name":"Inicio","item":"https:\/\/gestoriaguasch.cat\/en\/"},{"@type":"ListItem","position":2,"name":"Services","item":"https:\/\/gestoriaguasch.cat\/en\/services\/"},{"@type":"ListItem","position":3,"name":"Foreigner"}]},{"@type":"WebSite","@id":"https:\/\/gestoriaguasch.cat\/en\/#website","url":"https:\/\/gestoriaguasch.cat\/en\/","name":"Gestor\u00eda Guash i associats","description":"Tu gestor&iacute;a de tr&aacute;fico en Barcelona","publisher":{"@id":"https:\/\/gestoriaguasch.cat\/en\/#organization"},"alternateName":"Gestor\u00eda Guash","potentialAction":[{"@type":"SearchAction","target":{"@type":"EntryPoint","urlTemplate":"https:\/\/gestoriaguasch.cat\/en\/?s={search_term_string}"},"query-input":{"@type":"PropertyValueSpecification","valueRequired":true,"valueName":"search_term_string"}}],"inLanguage":"en-US"},{"@type":"Organization","@id":"https:\/\/gestoriaguasch.cat\/en\/#organization","name":"Gestor\u00eda Guasch i Associats","url":"https:\/\/gestoriaguasch.cat\/en\/","logo":{"@type":"ImageObject","inLanguage":"en-US","@id":"https:\/\/gestoriaguasch.cat\/en\/#\/schema\/logo\/image\/","url":"https:\/\/gestoriaguasch.cat\/wp-content\/uploads\/2022\/10\/cropped-ico-gestoria-Guash.png","contentUrl":"https:\/\/gestoriaguasch.cat\/wp-content\/uploads\/2022\/10\/cropped-ico-gestoria-Guash.png","width":512,"height":512,"caption":"Gestor\u00eda Guasch i Associats"},"image":{"@id":"https:\/\/gestoriaguasch.cat\/en\/#\/schema\/logo\/image\/"}}]}},"_links":{"self":[{"href":"https:\/\/gestoriaguasch.cat\/en\/wp-json\/wp\/v2\/pages\/3492","targetHints":{"allow":["GET"]}}],"collection":[{"href":"https:\/\/gestoriaguasch.cat\/en\/wp-json\/wp\/v2\/pages"}],"about":[{"href":"https:\/\/gestoriaguasch.cat\/en\/wp-json\/wp\/v2\/types\/page"}],"author":[{"embeddable":true,"href":"https:\/\/gestoriaguasch.cat\/en\/wp-json\/wp\/v2\/users\/1"}],"replies":[{"embeddable":true,"href":"https:\/\/gestoriaguasch.cat\/en\/wp-json\/wp\/v2\/comments?post=3492"}],"version-history":[{"count":0,"href":"https:\/\/gestoriaguasch.cat\/en\/wp-json\/wp\/v2\/pages\/3492\/revisions"}],"up":[{"embeddable":true,"href":"https:\/\/gestoriaguasch.cat\/en\/wp-json\/wp\/v2\/pages\/2659"}],"wp:attachment":[{"href":"https:\/\/gestoriaguasch.cat\/en\/wp-json\/wp\/v2\/media?parent=3492"}],"curies":[{"name":"wp","href":"https:\/\/api.w.org\/{rel}","templated":true}]}}