{"id":3494,"date":"2016-07-10T17:17:24","date_gmt":"2016-07-10T17:17:24","guid":{"rendered":"https:\/\/gestoriaguasch.cat\/wgu22\/contacto\/"},"modified":"2025-03-17T10:18:03","modified_gmt":"2025-03-17T10:18:03","slug":"contact","status":"publish","type":"page","link":"https:\/\/gestoriaguasch.cat\/en\/contact\/","title":{"rendered":"Contact"},"content":{"rendered":"\n<p>Gestor\u00eda Guasch offers a comprehensive service related to all traffic-related procedures, mainly car or motorcycle name changes, vehicle registration as well as cancellations or traffic reports. We are at your disposal for any procedure you need.<\/p>\n\n\n\n<p>We are a personalized traffic management company that offers most of its services electronically, adapting to our clients. Our services are fast and efficient.<\/p>\n\n\n\n<p><strong>Call us at&nbsp;<\/strong><a href=\"tel:+34933939718\" target=\"_blank\" rel=\"noreferrer noopener\"><strong>933 939 718<\/strong><\/a><strong>  or send us a email at: <\/strong><br><strong><a href=\"mailto:info@gestoriaguasch.cat\" target=\"_blank\" rel=\"noreferrer noopener\">info@gestoriaguasch.cat<\/a> \/ <a href=\"mailto:gestoriaguasch@gmail.com\">gestoriaguasch@gmail.com<\/a><\/strong><\/p>\n\n\n\n<p>Gestor\u00eda Guasch i Associats SLP is an agency specialized in vehicles.&nbsp;<\/p>\n\n\n\n<h2 class=\"wp-block-heading has-vivid-red-color has-text-color has-link-color wp-elements-67edf5fc9ccadd97258c9a2b5037c2ae\"><strong><mark style=\"background-color:rgba(0, 0, 0, 0)\" class=\"has-inline-color has-vivid-red-color\">RONDA UNIVERSITAT, 31 3\u00ba 2\u00aa<\/mark><\/strong>, Barcelona.<\/h2>\n\n\n\n<p><a href=\"https:\/\/maps.app.goo.gl\/eyVCgjUBDtmrgMXEA\" target=\"_blank\" rel=\"noreferrer noopener\">\u21e2\u00a0<\/a><a href=\"https:\/\/maps.app.goo.gl\/71Su9zdAabJGgVZh6\" target=\"_blank\" rel=\"noreferrer noopener\"><strong>See map<\/strong><\/a><\/p>\n\n\n\n<p><strong>Metro:<\/strong> L3 Catalunya, L1 Universitat<\/p>\n\n\n\n<p><\/p>\n","protected":false},"excerpt":{"rendered":"<p>Gestor\u00eda Guasch offers a comprehensive service related to all traffic-related procedures, mainly car or motorcycle name changes, vehicle registration as well as cancellations or traffic reports. We are at your disposal for any procedure you need. We are a personalized traffic management company that offers most of its services electronically, adapting to our clients. Our [&hellip;]<\/p>\n","protected":false},"author":1,"featured_media":0,"parent":0,"menu_order":4,"comment_status":"closed","ping_status":"closed","template":"","meta":{"_acf_changed":false,"inline_featured_image":false,"footnotes":""},"class_list":["post-3494","page","type-page","status-publish","hentry"],"acf":[],"yoast_head":"<!-- This site is optimized with the Yoast SEO plugin v27.6 - https:\/\/yoast.com\/product\/yoast-seo-wordpress\/ -->\n<title>Contacto Guasch i Associats - Gestor\u00eda especializada en veh\u00edculos<\/title>\n<meta name=\"description\" content=\"Gestor\u00eda Guasch i Associats. Vila Olimpica - Poble Nou - Avenida Icaria, 166 - CC Centre de la Vila - Local 33 (entrada por Arquitecte Sert) - Barcelona 08005\" \/>\n<meta name=\"robots\" content=\"index, follow, max-snippet:-1, max-image-preview:large, max-video-preview:-1\" \/>\n<link rel=\"canonical\" href=\"https:\/\/gestoriaguasch.cat\/en\/contact\/\" \/>\n<meta property=\"og:locale\" content=\"en_US\" \/>\n<meta property=\"og:type\" content=\"article\" \/>\n<meta property=\"og:title\" content=\"Contacto Guasch i Associats - Gestor\u00eda especializada en veh\u00edculos\" \/>\n<meta property=\"og:description\" content=\"Gestor\u00eda Guasch i Associats. Vila Olimpica - Poble Nou - Avenida Icaria, 166 - CC Centre de la Vila - Local 33 (entrada por Arquitecte Sert) - Barcelona 08005\" \/>\n<meta property=\"og:url\" content=\"https:\/\/gestoriaguasch.cat\/en\/contact\/\" \/>\n<meta property=\"og:site_name\" content=\"Gestor&iacute;a Guasch i Associats\" \/>\n<meta property=\"article:modified_time\" content=\"2025-03-17T10:18:03+00:00\" \/>\n<meta name=\"twitter:card\" content=\"summary_large_image\" \/>\n<meta name=\"twitter:label1\" content=\"Est. reading time\" \/>\n\t<meta name=\"twitter:data1\" content=\"1 minute\" \/>\n<script type=\"application\/ld+json\" class=\"yoast-schema-graph\">{\"@context\":\"https:\\\/\\\/schema.org\",\"@graph\":[{\"@type\":\"WebPage\",\"@id\":\"https:\\\/\\\/gestoriaguasch.cat\\\/en\\\/contact\\\/\",\"url\":\"https:\\\/\\\/gestoriaguasch.cat\\\/en\\\/contact\\\/\",\"name\":\"Contacto Guasch i Associats - Gestor\u00eda especializada en veh\u00edculos\",\"isPartOf\":{\"@id\":\"https:\\\/\\\/gestoriaguasch.cat\\\/en\\\/#website\"},\"datePublished\":\"2016-07-10T17:17:24+00:00\",\"dateModified\":\"2025-03-17T10:18:03+00:00\",\"description\":\"Gestor\u00eda Guasch i Associats. Vila Olimpica - Poble Nou - Avenida Icaria, 166 - CC Centre de la Vila - Local 33 (entrada por Arquitecte Sert) - Barcelona 08005\",\"breadcrumb\":{\"@id\":\"https:\\\/\\\/gestoriaguasch.cat\\\/en\\\/contact\\\/#breadcrumb\"},\"inLanguage\":\"en-US\",\"potentialAction\":[{\"@type\":\"ReadAction\",\"target\":[\"https:\\\/\\\/gestoriaguasch.cat\\\/en\\\/contact\\\/\"]}]},{\"@type\":\"BreadcrumbList\",\"@id\":\"https:\\\/\\\/gestoriaguasch.cat\\\/en\\\/contact\\\/#breadcrumb\",\"itemListElement\":[{\"@type\":\"ListItem\",\"position\":1,\"name\":\"Inicio\",\"item\":\"https:\\\/\\\/gestoriaguasch.cat\\\/en\\\/\"},{\"@type\":\"ListItem\",\"position\":2,\"name\":\"Contact\"}]},{\"@type\":\"WebSite\",\"@id\":\"https:\\\/\\\/gestoriaguasch.cat\\\/en\\\/#website\",\"url\":\"https:\\\/\\\/gestoriaguasch.cat\\\/en\\\/\",\"name\":\"Gestor\u00eda Guash i associats\",\"description\":\"Tu gestor&iacute;a de tr&aacute;fico en Barcelona\",\"publisher\":{\"@id\":\"https:\\\/\\\/gestoriaguasch.cat\\\/en\\\/#organization\"},\"alternateName\":\"Gestor\u00eda Guash\",\"potentialAction\":[{\"@type\":\"SearchAction\",\"target\":{\"@type\":\"EntryPoint\",\"urlTemplate\":\"https:\\\/\\\/gestoriaguasch.cat\\\/en\\\/?s={search_term_string}\"},\"query-input\":{\"@type\":\"PropertyValueSpecification\",\"valueRequired\":true,\"valueName\":\"search_term_string\"}}],\"inLanguage\":\"en-US\"},{\"@type\":\"Organization\",\"@id\":\"https:\\\/\\\/gestoriaguasch.cat\\\/en\\\/#organization\",\"name\":\"Gestor\u00eda Guasch i Associats\",\"url\":\"https:\\\/\\\/gestoriaguasch.cat\\\/en\\\/\",\"logo\":{\"@type\":\"ImageObject\",\"inLanguage\":\"en-US\",\"@id\":\"https:\\\/\\\/gestoriaguasch.cat\\\/en\\\/#\\\/schema\\\/logo\\\/image\\\/\",\"url\":\"https:\\\/\\\/gestoriaguasch.cat\\\/wp-content\\\/uploads\\\/2022\\\/10\\\/cropped-ico-gestoria-Guash.png\",\"contentUrl\":\"https:\\\/\\\/gestoriaguasch.cat\\\/wp-content\\\/uploads\\\/2022\\\/10\\\/cropped-ico-gestoria-Guash.png\",\"width\":512,\"height\":512,\"caption\":\"Gestor\u00eda Guasch i Associats\"},\"image\":{\"@id\":\"https:\\\/\\\/gestoriaguasch.cat\\\/en\\\/#\\\/schema\\\/logo\\\/image\\\/\"}}]}<\/script>\n<!-- \/ Yoast SEO plugin. -->","yoast_head_json":{"title":"Contacto Guasch i Associats - Gestor\u00eda especializada en veh\u00edculos","description":"Gestor\u00eda Guasch i Associats. Vila Olimpica - Poble Nou - Avenida Icaria, 166 - CC Centre de la Vila - Local 33 (entrada por Arquitecte Sert) - Barcelona 08005","robots":{"index":"index","follow":"follow","max-snippet":"max-snippet:-1","max-image-preview":"max-image-preview:large","max-video-preview":"max-video-preview:-1"},"canonical":"https:\/\/gestoriaguasch.cat\/en\/contact\/","og_locale":"en_US","og_type":"article","og_title":"Contacto Guasch i Associats - Gestor\u00eda especializada en veh\u00edculos","og_description":"Gestor\u00eda Guasch i Associats. Vila Olimpica - Poble Nou - Avenida Icaria, 166 - CC Centre de la Vila - Local 33 (entrada por Arquitecte Sert) - Barcelona 08005","og_url":"https:\/\/gestoriaguasch.cat\/en\/contact\/","og_site_name":"Gestor&iacute;a Guasch i Associats","article_modified_time":"2025-03-17T10:18:03+00:00","twitter_card":"summary_large_image","twitter_misc":{"Est. reading time":"1 minute"},"schema":{"@context":"https:\/\/schema.org","@graph":[{"@type":"WebPage","@id":"https:\/\/gestoriaguasch.cat\/en\/contact\/","url":"https:\/\/gestoriaguasch.cat\/en\/contact\/","name":"Contacto Guasch i Associats - Gestor\u00eda especializada en veh\u00edculos","isPartOf":{"@id":"https:\/\/gestoriaguasch.cat\/en\/#website"},"datePublished":"2016-07-10T17:17:24+00:00","dateModified":"2025-03-17T10:18:03+00:00","description":"Gestor\u00eda Guasch i Associats. Vila Olimpica - Poble Nou - Avenida Icaria, 166 - CC Centre de la Vila - Local 33 (entrada por Arquitecte Sert) - Barcelona 08005","breadcrumb":{"@id":"https:\/\/gestoriaguasch.cat\/en\/contact\/#breadcrumb"},"inLanguage":"en-US","potentialAction":[{"@type":"ReadAction","target":["https:\/\/gestoriaguasch.cat\/en\/contact\/"]}]},{"@type":"BreadcrumbList","@id":"https:\/\/gestoriaguasch.cat\/en\/contact\/#breadcrumb","itemListElement":[{"@type":"ListItem","position":1,"name":"Inicio","item":"https:\/\/gestoriaguasch.cat\/en\/"},{"@type":"ListItem","position":2,"name":"Contact"}]},{"@type":"WebSite","@id":"https:\/\/gestoriaguasch.cat\/en\/#website","url":"https:\/\/gestoriaguasch.cat\/en\/","name":"Gestor\u00eda Guash i associats","description":"Tu gestor&iacute;a de tr&aacute;fico en Barcelona","publisher":{"@id":"https:\/\/gestoriaguasch.cat\/en\/#organization"},"alternateName":"Gestor\u00eda Guash","potentialAction":[{"@type":"SearchAction","target":{"@type":"EntryPoint","urlTemplate":"https:\/\/gestoriaguasch.cat\/en\/?s={search_term_string}"},"query-input":{"@type":"PropertyValueSpecification","valueRequired":true,"valueName":"search_term_string"}}],"inLanguage":"en-US"},{"@type":"Organization","@id":"https:\/\/gestoriaguasch.cat\/en\/#organization","name":"Gestor\u00eda Guasch i Associats","url":"https:\/\/gestoriaguasch.cat\/en\/","logo":{"@type":"ImageObject","inLanguage":"en-US","@id":"https:\/\/gestoriaguasch.cat\/en\/#\/schema\/logo\/image\/","url":"https:\/\/gestoriaguasch.cat\/wp-content\/uploads\/2022\/10\/cropped-ico-gestoria-Guash.png","contentUrl":"https:\/\/gestoriaguasch.cat\/wp-content\/uploads\/2022\/10\/cropped-ico-gestoria-Guash.png","width":512,"height":512,"caption":"Gestor\u00eda Guasch i Associats"},"image":{"@id":"https:\/\/gestoriaguasch.cat\/en\/#\/schema\/logo\/image\/"}}]}},"_links":{"self":[{"href":"https:\/\/gestoriaguasch.cat\/en\/wp-json\/wp\/v2\/pages\/3494","targetHints":{"allow":["GET"]}}],"collection":[{"href":"https:\/\/gestoriaguasch.cat\/en\/wp-json\/wp\/v2\/pages"}],"about":[{"href":"https:\/\/gestoriaguasch.cat\/en\/wp-json\/wp\/v2\/types\/page"}],"author":[{"embeddable":true,"href":"https:\/\/gestoriaguasch.cat\/en\/wp-json\/wp\/v2\/users\/1"}],"replies":[{"embeddable":true,"href":"https:\/\/gestoriaguasch.cat\/en\/wp-json\/wp\/v2\/comments?post=3494"}],"version-history":[{"count":2,"href":"https:\/\/gestoriaguasch.cat\/en\/wp-json\/wp\/v2\/pages\/3494\/revisions"}],"predecessor-version":[{"id":4035,"href":"https:\/\/gestoriaguasch.cat\/en\/wp-json\/wp\/v2\/pages\/3494\/revisions\/4035"}],"wp:attachment":[{"href":"https:\/\/gestoriaguasch.cat\/en\/wp-json\/wp\/v2\/media?parent=3494"}],"curies":[{"name":"wp","href":"https:\/\/api.w.org\/{rel}","templated":true}]}}